{"id":1403,"date":"2018-05-10T16:18:44","date_gmt":"2018-05-10T16:18:44","guid":{"rendered":"https:\/\/www.camarazamora.com\/en\/?page_id=1403"},"modified":"2026-03-20T07:52:28","modified_gmt":"2026-03-20T07:52:28","slug":"government-bodies","status":"publish","type":"page","link":"https:\/\/www.camarazamora.com\/en\/government-bodies","title":{"rendered":"Government Bodies"},"content":{"rendered":"<p>[et_pb_section fb_built=\u00bb1&#8243; fullwidth=\u00bbon\u00bb module_class=\u00bbfondo_migas\u00bb _builder_version=\u00bb3.0.106&#8243; background_image=\u00bbhttps:\/\/www.camarazamora.com\/en\/wp-content\/uploads\/18-e1526313574797.jpg\u00bb custom_margin=\u00bb0px|0px|0px|0px\u00bb custom_padding=\u00bb100px|0px|100px|0px\u00bb][\/et_pb_section][et_pb_section fb_built=\u00bb1&#8243; _builder_version=\u00bb3.0.47&#8243;][et_pb_row custom_padding=\u00bb0px||0px|\u00bb _builder_version=\u00bb3.0.106&#8243;][et_pb_column type=\u00bb3_4&#8243; _builder_version=\u00bb3.0.47&#8243; parallax=\u00bboff\u00bb parallax_method=\u00bbon\u00bb][et_pb_text _builder_version=\u00bb3.18.2&#8243; header_2_text_color=\u00bb#ba173e\u00bb custom_margin=\u00bb|||\u00bb custom_padding=\u00bb|5%||\u00bb]<\/p>\n<h2>Plenary of the Council<\/h2>\n<p>It is the higher body of government and representation in the Chamber. It is integrated by companies from the region and people with recognized prestige in the business community, elected democratically every four years. The Plenary approves the budget, determines the policy of the Chamber and designates, within it, the Executive Committee and the President.<\/p>\n<p>It gathers in plenary sessions with competence for all those matters reserved for the General Board&#8217;s decision.<\/p>\n<p>The number of members in the Chamber&#8217;s Plenary is eighteen:<\/p>\n<ul>\n<li class=\" translation-block\">Twelve Members elected by free, equal, direct and secret suffrage from among all the electors of the Chamber, classified in groups and categories according to the relative importance of the various economic sectors.<\/li>\n<li class=\" translation-block\">Three members designated from among the companies with the greatest voluntary economic contribution.<\/li>\n<li class=\" translation-block\">Three members elected among people of recognized prestige in economic life within the Chamber&#8217;s region, proposed by the most representative business organizations, both intersectoral and territorial.<\/li>\n<\/ul>\n<div class='et-learn-more clearfix'>\n\t\t\t\t\t<h3 class='heading-more'>Members of the Chamber\u00b4s Plenary<span class='et_learnmore_arrow'><span><\/span><\/span><\/h3>\n\t\t\t\t\t<div class='learn-more-content'><ul>\n<li>D. Enrique Oliveira Rom\u00e1n (Lechazos y Corderos de CyL, S.L.U.)<\/li>\n<li>D. D. Jerem\u00edas Prieto Lozano (Aislaprieto, S.L.)<\/li>\n<li>D\u00aa\u00a0Beatriz Lozano L\u00f3pez (Alma M\u00eda Moda y Complementos, S.L.)<\/li>\n<li>D. Ruperto Prieto Corpas (Farmacia S\u00e1nchez Prieto, C.B.)<\/li>\n<li>D. Jos\u00e9 Mar\u00eda Casas Delgado (Casas Seguridad y Compromiso S.L.)<\/li>\n<li>D. Jos\u00e9 Mar\u00eda Esbec Hern\u00e1ndez<\/li>\n<li>D.\u00a0Elier Ballesteros Barba (Embutidos Ballesteros, S.L.)<\/li>\n<li>D.\u00a0Jose Francisco Campanario Matell\u00e1n (Casa Aurelia, S.L.)<\/li>\n<li>D. Javier Amador Ferrero Ferrero<\/li>\n<li>D.\u00a0Daniel Hern\u00e1ndez Tamame (Viajes Sanabria, S.A.)<\/li>\n<li>D. Jos\u00e9 Alfonso Herrero Tejedor (Freigel Foodsolutions, S.A.)<\/li>\n<li>D. Francisco L\u00f3pez Fern\u00e1ndez<\/li>\n<li>D. Enrique Oliveira Moralejo (Moralejo Selecci\u00f3n, S.L.)<\/li>\n<li>D. Gonzalo Ontiveros Mi\u00f1ana (Sifam Espa\u00f1a, S.L.)<\/li>\n<li>D. Heliodoro Rodr\u00edguez Tejedor (Leche Gaza, S.L.)<\/li>\n<li>D\u00aa Manuela Rat\u00f3n Rodr\u00edguez (Hermanos Rat\u00f3n Fontaner\u00eda y Calefacci\u00f3n, S.L.)<\/li>\n<li>D\u00aa Paula Santos Santos<\/li>\n<li>D. Rafael S\u00e1nchez Olea (Sociedad Cooperativa Limitada Bajo Duero)<\/li>\n<\/ul><\/div>\n\t\t\t\t<\/div>\n<h2>Executive Committee<\/h2>\n<p>Permanent management and administrative body of the Chamber. The President represents the institution, presides all of its collegiate bodies and is responsible for the execution of its agreements.<\/p>\n<div class='et-learn-more clearfix'>\n\t\t\t\t\t<h3 class='heading-more'>Members of the Executive Committee<span class='et_learnmore_arrow'><span><\/span><\/span><\/h3>\n\t\t\t\t\t<div class='learn-more-content'><p><strong>President:<\/strong> D. Enrique Oliveira Rom\u00e1n (Lechazos y Corderos de CyL, S.L.U.)<\/p>\n<p><strong>Vicepresident 1\u00ba<\/strong>: D. Jerem\u00edas Prieto Lozano (Aislaprieto S.L.)<\/p>\n<p><strong>Vicepresident 2\u00ba:<\/strong> D\u00aa\u00a0Beatriz Lozano L\u00f3pez (Alma M\u00eda Moda y Complementos, S.L.)<\/p>\n<p><strong>Treasurer:<\/strong> D. Ruperto Prieto Corpas (Farmacia S\u00e1nchez Prieto, C.B.)<\/p>\n<p><strong>Supplemental Treasurer:<\/strong> D. Jos\u00e9 Mar\u00eda Casas Delgado (Casas Seguridad y Compromiso S.L.)<\/p>\n<p><strong>Vocal:<\/strong> D. Jos\u00e9 Mar\u00eda Esbec Hern\u00e1ndez<\/p><\/div>\n\t\t\t\t<\/div>\n<p class=\" translation-block\">The Official Zamora Chamber of Commerce, Industry and Services participates in various organizations and entities, representing the entrepreneurs of the province. Among them, we can highlight the following:<\/p>\n<ul>\n<li><em><strong>Regional Council of Official Chambers of Commerce, Industry and Services of Castilla y Le\u00f3n.<\/strong><\/em><\/li>\n<li><em><strong>Zamora&#8217;s Territorial Commission for the Environment and Urban Planning.<\/strong><\/em><\/li>\n<li><em><strong>Fair Institution of Zamora (IFEZA).<\/strong><\/em><\/li>\n<li><em><strong>General Foundation of the University of Salamanca.<\/strong><\/em><\/li>\n<li><em><strong>Hispano Lusa Rei Afonso Henriques Foundation.<\/strong><\/em><\/li>\n<li><em><strong>Iberaval, S.G.R.<\/strong><\/em><\/li>\n<li><em><strong>Local Action Groups in the province: Adri Palomares, Adata and Adisac.<\/strong><\/em><\/li>\n<li><em><strong>Consumer Arbitration Board of the Zamora City Council.<\/strong><\/em><\/li>\n<li><em><strong>Transport Arbitration Board of Zamora.<\/strong><\/em><\/li>\n<li><em><strong>Provincial Tourism Board.<\/strong><\/em><\/li>\n<\/ul>\n<p>[\/et_pb_text][\/et_pb_column][et_pb_column type=\u00bb1_4&#8243; _builder_version=\u00bb3.0.47&#8243; parallax=\u00bboff\u00bb parallax_method=\u00bbon\u00bb][et_pb_image src=\u00bbhttps:\/\/www.camarazamora.com\/en\/wp-content\/uploads\/03-e1526309507893.jpg\u00bb _builder_version=\u00bb3.0.106&#8243; custom_css_before=\u00bbcontent: \u00bb;||position: absolute;||right: 0;||top: 0;||width: 25%;||height: 25%;||border-right: 5px solid #ba173e;||border-top: 5px solid #ba173e;\u00bb custom_css_main_element=\u00bbposition: relative;||padding: 10px;\u00bb custom_css_after=\u00bbcontent: \u00bb;||position: absolute;||left: 0;||bottom: 0;||width: 25%;||height: 25%;||border-left: 5px solid #ba173e;||border-bottom: 5px solid #ba173e;\u00bb][\/et_pb_image][et_pb_image src=\u00bbhttps:\/\/www.camarazamora.com\/en\/wp-content\/uploads\/05.jpg\u00bb _builder_version=\u00bb3.0.106&#8243; custom_css_before=\u00bbcontent: \u00bb;||position: absolute;||right: 0;||top: 0;||width: 25%;||height: 25%;||border-right: 5px solid #ba173e;||border-top: 5px solid #ba173e;\u00bb custom_css_main_element=\u00bbposition: relative;||padding: 10px;||margin-top: 50px !important;\u00bb custom_css_after=\u00bbcontent: \u00bb;||position: absolute;||left: 0;||bottom: 0;||width: 25%;||height: 25%;||border-left: 5px solid #ba173e;||border-bottom: 5px solid #ba173e;\u00bb][\/et_pb_image][et_pb_image src=\u00bbhttps:\/\/www.camarazamora.com\/en\/wp-content\/uploads\/06.jpg\u00bb _builder_version=\u00bb3.0.106&#8243; custom_css_before=\u00bbcontent: \u00bb;||position: absolute;||right: 0;||top: 0;||width: 25%;||height: 25%;||border-right: 5px solid #ba173e;||border-top: 5px solid #ba173e;\u00bb custom_css_main_element=\u00bbposition: relative;||padding: 10px;||margin-top: 50px !important;\u00bb custom_css_after=\u00bbcontent: \u00bb;||position: absolute;||left: 0;||bottom: 0;||width: 25%;||height: 25%;||border-left: 5px solid #ba173e;||border-bottom: 5px solid #ba173e;\u00bb][\/et_pb_image][\/et_pb_column][\/et_pb_row][\/et_pb_section]<\/p>\n","protected":false},"excerpt":{"rendered":"<p>[et_pb_section fb_built=\u00bb1&#8243; fullwidth=\u00bbon\u00bb module_class=\u00bbfondo_migas\u00bb _builder_version=\u00bb3.0.106&#8243; background_image=\u00bbhttps:\/\/www.camarazamora.com\/en\/wp-content\/uploads\/18-e1526313574797.jpg\u00bb custom_margin=\u00bb0px|0px|0px|0px\u00bb custom_padding=\u00bb100px|0px|100px|0px\u00bb][\/et_pb_section][et_pb_section fb_built=\u00bb1&#8243; _builder_version=\u00bb3.0.47&#8243;][et_pb_row custom_padding=\u00bb0px||0px|\u00bb _builder_version=\u00bb3.0.106&#8243;][et_pb_column type=\u00bb3_4&#8243; _builder_version=\u00bb3.0.47&#8243; parallax=\u00bboff\u00bb parallax_method=\u00bbon\u00bb][et_pb_text _builder_version=\u00bb3.18.2&#8243; header_2_text_color=\u00bb#ba173e\u00bb custom_margin=\u00bb|||\u00bb custom_padding=\u00bb|5%||\u00bb] Plenary of the Council It is the higher body of government and representation in the Chamber. It is integrated by companies from the region and people with recognized prestige in the business community, elected democratically [&hellip;]<\/p>\n","protected":false},"author":1,"featured_media":0,"parent":0,"menu_order":0,"comment_status":"closed","ping_status":"closed","template":"","meta":{"_et_pb_use_builder":"on","_et_pb_old_content":"","_monsterinsights_skip_tracking":false,"_monsterinsights_sitenote_active":false,"_monsterinsights_sitenote_note":"","_monsterinsights_sitenote_category":0,"footnotes":""},"class_list":["post-1403","page","type-page","status-publish","hentry"],"yoast_head":"<!-- This site is optimized with the Yoast SEO plugin v21.7 - https:\/\/yoast.com\/wordpress\/plugins\/seo\/ -->\n<title>Government Bodies - Chamber of Commerce Zamora<\/title>\n<meta name=\"description\" content=\"Meet the members that make up the supreme governing and representative body of the Official Chamber of Commerce, Industry and Services of Zamora\" \/>\n<meta name=\"robots\" content=\"index, follow, max-snippet:-1, max-image-preview:large, max-video-preview:-1\" \/>\n<link rel=\"canonical\" href=\"https:\/\/www.camarazamora.com\/en\/government-bodies\" \/>\n<meta property=\"og:locale\" content=\"es_ES\" \/>\n<meta property=\"og:type\" content=\"article\" \/>\n<meta property=\"og:title\" content=\"Government Bodies - Chamber of Commerce Zamora\" \/>\n<meta property=\"og:description\" content=\"Meet the members that make up the supreme governing and representative body of the Official Chamber of Commerce, Industry and Services of Zamora\" \/>\n<meta property=\"og:url\" content=\"https:\/\/www.camarazamora.com\/en\/government-bodies\" \/>\n<meta property=\"og:site_name\" content=\"C\u00e1mara Oficial de Comercio, Industria y Servicios de Zamora\" \/>\n<meta property=\"article:publisher\" content=\"https:\/\/www.facebook.com\/camarazamora\/\" \/>\n<meta property=\"article:modified_time\" content=\"2026-03-20T07:52:28+00:00\" \/>\n<meta name=\"twitter:card\" content=\"summary_large_image\" \/>\n<meta name=\"twitter:site\" content=\"@camaradezamora\" \/>\n<meta name=\"twitter:label1\" content=\"Tiempo de lectura\" \/>\n\t<meta name=\"twitter:data1\" content=\"3 minutos\" \/>\n<script type=\"application\/ld+json\" class=\"yoast-schema-graph\">{\"@context\":\"https:\/\/schema.org\",\"@graph\":[{\"@type\":\"WebPage\",\"@id\":\"https:\/\/www.camarazamora.com\/en\/government-bodies\",\"url\":\"https:\/\/www.camarazamora.com\/en\/government-bodies\",\"name\":\"Government Bodies - Chamber of Commerce Zamora\",\"isPartOf\":{\"@id\":\"https:\/\/www.camarazamora.com\/en\/#website\"},\"datePublished\":\"2018-05-10T16:18:44+00:00\",\"dateModified\":\"2026-03-20T07:52:28+00:00\",\"description\":\"Meet the members that make up the supreme governing and representative body of the Official Chamber of Commerce, Industry and Services of Zamora\",\"breadcrumb\":{\"@id\":\"https:\/\/www.camarazamora.com\/en\/government-bodies#breadcrumb\"},\"inLanguage\":\"es\",\"potentialAction\":[{\"@type\":\"ReadAction\",\"target\":[\"https:\/\/www.camarazamora.com\/en\/government-bodies\"]}]},{\"@type\":\"BreadcrumbList\",\"@id\":\"https:\/\/www.camarazamora.com\/en\/government-bodies#breadcrumb\",\"itemListElement\":[{\"@type\":\"ListItem\",\"position\":1,\"name\":\"Portada\",\"item\":\"https:\/\/www.camarazamora.com\/en\/\"},{\"@type\":\"ListItem\",\"position\":2,\"name\":\"Government Bodies\"}]},{\"@type\":\"WebSite\",\"@id\":\"https:\/\/www.camarazamora.com\/en\/#website\",\"url\":\"https:\/\/www.camarazamora.com\/en\/\",\"name\":\"Chamber of Commerce, Industry and Services of Zamora\",\"description\":\"\",\"publisher\":{\"@id\":\"https:\/\/www.camarazamora.com\/en\/#organization\"},\"potentialAction\":[{\"@type\":\"SearchAction\",\"target\":{\"@type\":\"EntryPoint\",\"urlTemplate\":\"https:\/\/www.camarazamora.com\/en\/?s={search_term_string}\"},\"query-input\":\"required name=search_term_string\"}],\"inLanguage\":\"es\"},{\"@type\":\"Organization\",\"@id\":\"https:\/\/www.camarazamora.com\/en\/#organization\",\"name\":\"C\u00e1mara de Comercio de Zamora\",\"url\":\"https:\/\/www.camarazamora.com\/en\/\",\"logo\":{\"@type\":\"ImageObject\",\"inLanguage\":\"es\",\"@id\":\"https:\/\/www.camarazamora.com\/en\/#\/schema\/logo\/image\/\",\"url\":\"https:\/\/www.camarazamora.com\/en\/wp-content\/uploads\/IMG_728944_G.jpg\",\"contentUrl\":\"https:\/\/www.camarazamora.com\/en\/wp-content\/uploads\/IMG_728944_G.jpg\",\"width\":350,\"height\":250,\"caption\":\"C\u00e1mara de Comercio de Zamora\"},\"image\":{\"@id\":\"https:\/\/www.camarazamora.com\/en\/#\/schema\/logo\/image\/\"},\"sameAs\":[\"https:\/\/www.facebook.com\/camarazamora\/\",\"https:\/\/twitter.com\/camaradezamora\",\"https:\/\/www.instagram.com\/camarazamora\/\",\"https:\/\/www.linkedin.com\/company\/camara-de-comercio-e-industria-de-zamora\",\"https:\/\/www.pinterest.es\/camarazamora\/\",\"https:\/\/www.youtube.com\/camarazamora\",\"https:\/\/es.wikipedia.org\/wiki\/C\u00e1mara_Oficial_de_Comercio_e_Industria_de_Zamora\"]}]}<\/script>\n<!-- \/ Yoast SEO plugin. -->","yoast_head_json":{"title":"Government Bodies - Chamber of Commerce Zamora","description":"Meet the members that make up the supreme governing and representative body of the Official Chamber of Commerce, Industry and Services of Zamora","robots":{"index":"index","follow":"follow","max-snippet":"max-snippet:-1","max-image-preview":"max-image-preview:large","max-video-preview":"max-video-preview:-1"},"canonical":"https:\/\/www.camarazamora.com\/en\/government-bodies","og_locale":"es_ES","og_type":"article","og_title":"Government Bodies - Chamber of Commerce Zamora","og_description":"Meet the members that make up the supreme governing and representative body of the Official Chamber of Commerce, Industry and Services of Zamora","og_url":"https:\/\/www.camarazamora.com\/en\/government-bodies","og_site_name":"C\u00e1mara Oficial de Comercio, Industria y Servicios de Zamora","article_publisher":"https:\/\/www.facebook.com\/camarazamora\/","article_modified_time":"2026-03-20T07:52:28+00:00","twitter_card":"summary_large_image","twitter_site":"@camaradezamora","twitter_misc":{"Tiempo de lectura":"3 minutos"},"schema":{"@context":"https:\/\/schema.org","@graph":[{"@type":"WebPage","@id":"https:\/\/www.camarazamora.com\/en\/government-bodies","url":"https:\/\/www.camarazamora.com\/en\/government-bodies","name":"Government Bodies - Chamber of Commerce Zamora","isPartOf":{"@id":"https:\/\/www.camarazamora.com\/en\/#website"},"datePublished":"2018-05-10T16:18:44+00:00","dateModified":"2026-03-20T07:52:28+00:00","description":"Meet the members that make up the supreme governing and representative body of the Official Chamber of Commerce, Industry and Services of Zamora","breadcrumb":{"@id":"https:\/\/www.camarazamora.com\/en\/government-bodies#breadcrumb"},"inLanguage":"es","potentialAction":[{"@type":"ReadAction","target":["https:\/\/www.camarazamora.com\/en\/government-bodies"]}]},{"@type":"BreadcrumbList","@id":"https:\/\/www.camarazamora.com\/en\/government-bodies#breadcrumb","itemListElement":[{"@type":"ListItem","position":1,"name":"Portada","item":"https:\/\/www.camarazamora.com\/en\/"},{"@type":"ListItem","position":2,"name":"Government Bodies"}]},{"@type":"WebSite","@id":"https:\/\/www.camarazamora.com\/en\/#website","url":"https:\/\/www.camarazamora.com\/en\/","name":"Chamber of Commerce, Industry and Services of Zamora","description":"","publisher":{"@id":"https:\/\/www.camarazamora.com\/en\/#organization"},"potentialAction":[{"@type":"SearchAction","target":{"@type":"EntryPoint","urlTemplate":"https:\/\/www.camarazamora.com\/en\/?s={search_term_string}"},"query-input":"required name=search_term_string"}],"inLanguage":"es"},{"@type":"Organization","@id":"https:\/\/www.camarazamora.com\/en\/#organization","name":"C\u00e1mara de Comercio de Zamora","url":"https:\/\/www.camarazamora.com\/en\/","logo":{"@type":"ImageObject","inLanguage":"es","@id":"https:\/\/www.camarazamora.com\/en\/#\/schema\/logo\/image\/","url":"https:\/\/www.camarazamora.com\/en\/wp-content\/uploads\/IMG_728944_G.jpg","contentUrl":"https:\/\/www.camarazamora.com\/en\/wp-content\/uploads\/IMG_728944_G.jpg","width":350,"height":250,"caption":"C\u00e1mara de Comercio de Zamora"},"image":{"@id":"https:\/\/www.camarazamora.com\/en\/#\/schema\/logo\/image\/"},"sameAs":["https:\/\/www.facebook.com\/camarazamora\/","https:\/\/twitter.com\/camaradezamora","https:\/\/www.instagram.com\/camarazamora\/","https:\/\/www.linkedin.com\/company\/camara-de-comercio-e-industria-de-zamora","https:\/\/www.pinterest.es\/camarazamora\/","https:\/\/www.youtube.com\/camarazamora","https:\/\/es.wikipedia.org\/wiki\/C\u00e1mara_Oficial_de_Comercio_e_Industria_de_Zamora"]}]}},"_links":{"self":[{"href":"https:\/\/www.camarazamora.com\/en\/wp-json\/wp\/v2\/pages\/1403","targetHints":{"allow":["GET"]}}],"collection":[{"href":"https:\/\/www.camarazamora.com\/en\/wp-json\/wp\/v2\/pages"}],"about":[{"href":"https:\/\/www.camarazamora.com\/en\/wp-json\/wp\/v2\/types\/page"}],"author":[{"embeddable":true,"href":"https:\/\/www.camarazamora.com\/en\/wp-json\/wp\/v2\/users\/1"}],"replies":[{"embeddable":true,"href":"https:\/\/www.camarazamora.com\/en\/wp-json\/wp\/v2\/comments?post=1403"}],"version-history":[{"count":38,"href":"https:\/\/www.camarazamora.com\/en\/wp-json\/wp\/v2\/pages\/1403\/revisions"}],"predecessor-version":[{"id":10067,"href":"https:\/\/www.camarazamora.com\/en\/wp-json\/wp\/v2\/pages\/1403\/revisions\/10067"}],"wp:attachment":[{"href":"https:\/\/www.camarazamora.com\/en\/wp-json\/wp\/v2\/media?parent=1403"}],"curies":[{"name":"wp","href":"https:\/\/api.w.org\/{rel}","templated":true}]}}