{"id":2250,"date":"2018-08-16T10:48:33","date_gmt":"2018-08-16T10:48:33","guid":{"rendered":"https:\/\/www.camarazamora.com\/en\/?page_id=2250"},"modified":"2021-05-26T12:16:11","modified_gmt":"2021-05-26T12:16:11","slug":"management-agreements-and-assignments","status":"publish","type":"page","link":"https:\/\/www.camarazamora.com\/en\/transparency-portal\/management-agreements-and-assignments","title":{"rendered":"Management Agreements and Assignments"},"content":{"rendered":"<p>[et_pb_section fb_built=\u00bb1&#8243; fullwidth=\u00bbon\u00bb module_class=\u00bbfondo_migas\u00bb _builder_version=\u00bb3.0.106&#8243; background_image=\u00bbhttps:\/\/www.camarazamora.com\/en\/wp-content\/uploads\/convenio.jpg\u00bb custom_margin=\u00bb0px|0px|0px|0px\u00bb custom_padding=\u00bb100px|0px|100px|0px\u00bb][\/et_pb_section][et_pb_section fb_built=\u00bb1&#8243; _builder_version=\u00bb3.18.2&#8243;][et_pb_row custom_padding=\u00bb0px||0px|2px|false|false\u00bb _builder_version=\u00bb3.0.106&#8243;][et_pb_column type=\u00bb4_4&#8243; _builder_version=\u00bb3.0.47&#8243; parallax=\u00bboff\u00bb parallax_method=\u00bbon\u00bb][et_pb_text _builder_version=\u00bb3.18.2&#8243; text_font=\u00bb||||||||\u00bb header_2_text_color=\u00bb#ba173e\u00bb custom_margin=\u00bb|||\u00bb]<\/p>\n<h2><span><strong>A &#8211; MANAGEMENT AGREEMENTS AND ASSIGNMENTS<\/strong><\/span><\/h2>\n<p>&nbsp;<span>&nbsp;<\/span><span>The Official Chamber of Commerce, Industry and Services of Zamora, has signed since 2017 the agreements that are detailed below and you can see a summary by clicking&nbsp;<a href=\"https:\/\/www.camarazamora.com\/wp-content\/uploads\/convenios_suscritos.pdf\">HERE&nbsp;<\/a><\/span><\/p>\n<p>&nbsp;<\/p>\n<h2><span><em>Year 2017<\/em><\/span><\/h2>\n<ul>\n<li>&nbsp;<a href=\"https:\/\/www.camarazamora.com\/wp-content\/uploads\/2017-Adenda-Convenio-Feria-de-Empleo-PICE.pdf\" target=\"_blank\" rel=\"noopener noreferrer\">Adenda Convenio Feria de Empleo<span>&nbsp;<\/span><span>PICE PROGRAM<\/span><\/a><\/li>\n<li><a href=\"https:\/\/www.camarazamora.com\/wp-content\/uploads\/2017-Convenio-Dinamizaci%C3%B3n-Mercado-de-Abastos.pdf\" target=\"_blank\" rel=\"noopener noreferrer\">Convenio Dinamizaci\u00f3n Mercado de Abastos<\/a><\/li>\n<li><a href=\"https:\/\/www.camarazamora.com\/wp-content\/uploads\/2017-Convenio-Diputaci%C3%B3n-Internacionalizaci%C3%B3n-de-Empresas.pdf\" target=\"_blank\" rel=\"noopener noreferrer\">Convenio Diputaci\u00f3n Internacionalizaci\u00f3n de Empresas<\/a><\/li>\n<li><a href=\"https:\/\/www.camarazamora.com\/wp-content\/uploads\/2017-Convenio-PAEM.pdf\" target=\"_blank\" rel=\"noopener noreferrer\">Convenio PAEM<\/a><\/li>\n<li><a href=\"https:\/\/www.camarazamora.com\/wp-content\/uploads\/2017-Convenio-Plan-de-Comercio-Minorista-Adenda.pdf\" target=\"_blank\" rel=\"noopener noreferrer\">Convenio Plan de Comercio Minorista Adenda<\/a><\/li>\n<li><a href=\"https:\/\/www.camarazamora.com\/wp-content\/uploads\/2017-Convenio-Plan-de-Comercio-Minorista.pdf\" target=\"_blank\" rel=\"noopener noreferrer\">Convenio Plan de Comercio Minorista<\/a><\/li>\n<li><a href=\"https:\/\/www.camarazamora.com\/wp-content\/uploads\/2017-Convenio-Plan-Internacional-de-Promoci%C3%B3n.pdf\" target=\"_blank\" rel=\"noopener noreferrer\">Convenio Plan Internacional de Promoci\u00f3n<\/a><\/li>\n<li><a href=\"https:\/\/www.camarazamora.com\/wp-content\/uploads\/2017-Convenio-Programa-Xpande-Digital.pdf\" target=\"_blank\" rel=\"noopener noreferrer\">Convenio Programa Xpande Digital<\/a><\/li>\n<li><a href=\"https:\/\/www.camarazamora.com\/wp-content\/uploads\/2017-Convenio-Programa-Xpande.pdf\" target=\"_blank\" rel=\"noopener noreferrer\">Convenio Programa Xpande<\/a><\/li>\n<li><a href=\"https:\/\/www.camarazamora.com\/wp-content\/uploads\/2017-Convenio-Zamora10-Empresarios.pdf\" target=\"_blank\" rel=\"noopener noreferrer\">Convenio Zamora10 Empresarios<\/a><\/li>\n<\/ul>\n<p>&nbsp;<\/p>\n<h2><span><em>Year 2018<\/em><\/span><\/h2>\n<ul>\n<li>&nbsp;<a href=\"https:\/\/www.camarazamora.com\/wp-content\/uploads\/2018-Adenda-Convenio-Feria-de-Empleo-PICE.pdf\" target=\"_blank\" rel=\"noopener noreferrer\">Adenda Convenio Feria de Empleo PICE<\/a><\/li>\n<li><a href=\"https:\/\/www.camarazamora.com\/wp-content\/uploads\/2018-Adenda-Convenio-PAEM.pdf\" target=\"_blank\" rel=\"noopener noreferrer\">Adenda Convenio PAEM<\/a><\/li>\n<li><a href=\"https:\/\/www.camarazamora.com\/wp-content\/uploads\/2018-Convenio-Diputacion-Internacionalizacion-de-Empresas.pdf\" target=\"_blank\" rel=\"noopener noreferrer\">Convenio Diputaci\u00f3n Internacionalizaci\u00f3n de Empresas<\/a><\/li>\n<li><a href=\"https:\/\/www.camarazamora.com\/wp-content\/uploads\/2018-Convenio-Feria-de-Empleo-ECYL.pdf\" target=\"_blank\" rel=\"noopener noreferrer\">Convenio Feria de Empleo ECYL<\/a><\/li>\n<li><a href=\"https:\/\/www.camarazamora.com\/wp-content\/uploads\/2018-Convenio-PIP.pdf\" target=\"_blank\" rel=\"noopener noreferrer\">Convenio PIP<\/a><\/li>\n<li><a href=\"https:\/\/www.camarazamora.com\/wp-content\/uploads\/Convenio-de-Colaboraci%C3%B3n_C%C3%A1mara-Zamora_Camara_Mexico.pdf\">Convenio C\u00e1mara Espa\u00f1ola de Comercio en M\u00e9xico<\/a><\/li>\n<li><a href=\"https:\/\/www.camarazamora.com\/wp-content\/uploads\/Firma-Convenio-Camara-de-Comercio-de-Espa%C3%B1a-en-Nueva-York-Estados-Unidos.pdf\">Convenio&nbsp;C\u00e1mara de Comercio de Espa\u00f1a en Nueva York<\/a><\/li>\n<\/ul>\n<p>&nbsp;<\/p>\n<h2><span><em>Year 2019<\/em><\/span><\/h2>\n<ul>\n<li>&nbsp;<a href=\"https:\/\/www.camarazamora.com\/wp-content\/uploads\/2019-Convenio-PICE.pdf\" target=\"_blank\" rel=\"noopener noreferrer\">Convenio Plan de Capacitaci\u00f3n \u2013 Programa Integral de Cualificaci\u00f3n y Empleo (PICE)<\/a><\/li>\n<li><a href=\"https:\/\/www.camarazamora.com\/wp-content\/uploads\/2019-Convenio-Ayuntamiento-de-Zamora-VUE.pdf\">Convenio Ayuntamiento de Zamora \u2013 Ventanilla \u00danica Empresarial<\/a><\/li>\n<li><a href=\"https:\/\/www.camarazamora.com\/wp-content\/uploads\/2019-Convenio-Diputaci%C3%B3n-Internacionalizaci%C3%B3n-de-Empresas.pdf\" target=\"_blank\" rel=\"noopener noreferrer\">Convenio Diputaci\u00f3n Internacionalizaci\u00f3n de Empresas<\/a><\/li>\n<li><a href=\"https:\/\/www.camarazamora.com\/wp-content\/uploads\/2019-Convenio_FeriaEmpleo_Zamora_2019_firmado_firmado.pdf\" target=\"_blank\" rel=\"noopener noreferrer\">Convenio Feria de Empleo PICE<\/a><\/li>\n<li><a href=\"https:\/\/www.camarazamora.com\/wp-content\/uploads\/Convenio_PAEM_Zamora_2019sed.pdf\">Convenio PAEM&nbsp;<\/a><\/li>\n<li><a href=\"https:\/\/www.camarazamora.com\/wp-content\/uploads\/2019-Convenio-Iberia.pdf\">Convenio Iberia<\/a><\/li>\n<\/ul>\n<p>&nbsp;<\/p>\n<h2><span><em>Year 2020<\/em><\/span><\/h2>\n<ul>\n<li>&nbsp;<a href=\"https:\/\/www.camarazamora.com\/wp-content\/uploads\/2020-Convenio-Marco-Plan-Desarrollo-Local.pdf\" target=\"_blank\" rel=\"noopener noreferrer\">Convenio de Colaboraci\u00f3n en la ejecuci\u00f3n del Plan de Desarrollo Local de Zamora<\/a><\/li>\n<li><a href=\"https:\/\/www.camarazamora.com\/wp-content\/uploads\/2020-DECA_PICE_2020_ZAMORA_2020.pdf\" target=\"_blank\" rel=\"noopener noreferrer\">Convenio Plan de Capacitaci\u00f3n \u2013 Programa Integral de Cualificaci\u00f3n y Empleo (PICE)<\/a><\/li>\n<li><a href=\"https:\/\/www.camarazamora.com\/wp-content\/uploads\/2020-Convenio-Diputacion-Internacionalizacion-de-empresas.pdf\" target=\"_blank\" rel=\"noopener noreferrer\">Convenio Diputaci\u00f3n Internacionalizaci\u00f3n de Empresas<\/a><\/li>\n<li><a href=\"https:\/\/www.camarazamora.com\/wp-content\/uploads\/2020_DECA_Comercio_Minorista__firmado.pdf\" target=\"_blank\" rel=\"noopener noreferrer\">Convenio Plan de Comercio Minorista<\/a><strong><a href=\"https:\/\/www.camarazamora.com\/wp-content\/uploads\/2017-Convenio-Plan-de-Comercio-Minorista.pdf\" target=\"_blank\" rel=\"noopener noreferrer\"><\/a><\/strong><\/li>\n<li><a href=\"https:\/\/www.camarazamora.com\/wp-content\/uploads\/2020_Contrato_Vertice_Camara-de-Comercio_firmado.pdf\" target=\"_blank\" rel=\"noopener noreferrer\">Convenio de Colaboraci\u00f3n para la realizaci\u00f3n de Formaci\u00f3n Online<\/a><\/li>\n<li><a href=\"https:\/\/www.camarazamora.com\/wp-content\/uploads\/2020-ZAMORA-Convenio-Sello-Comercio-de-Confianza_firmado.pdf\" target=\"_blank\" rel=\"noopener noreferrer\">Convenio Sello Comercio de Confianza<\/a><\/li>\n<li><a href=\"https:\/\/www.camarazamora.com\/wp-content\/uploads\/2020_Convenio_Cooperacion_Educativo_Practicas.pdf\" target=\"_blank\" rel=\"noopener noreferrer\">Convenio de Cooperaci\u00f3n Educativa de Pr\u00e1cticas Acad\u00e9micas Externas<\/a><\/li>\n<li><a href=\"https:\/\/www.camarazamora.com\/wp-content\/uploads\/2020_DECA_Zamora_PAEM.pdf\">Convenio PAEM&nbsp;<\/a><\/li>\n<li><a href=\"https:\/\/www.camarazamora.com\/wp-content\/uploads\/2020-Convenio-VUE.pdf\" title=\"Convenio Vue 2020\">Convenio Ventanilla \u00danica Empresarial<\/a><\/li>\n<li><a href=\"https:\/\/www.camarazamora.com\/wp-content\/uploads\/2020_Convenio-eTramites-ZAMORA_firmado.pdf\">Convenio Plataforma E-Tr\u00e1mites<\/a><\/li>\n<li><a href=\"https:\/\/www.camarazamora.com\/wp-content\/uploads\/2020_Contrato_Vertice_Camara-de-Comercio_firmado.pdf\" target=\"_blank\" rel=\"noopener noreferrer\">Convenio de Colaboraci\u00f3n para la realizaci\u00f3n de Formaci\u00f3n Online<\/a><\/li>\n<\/ul>\n<p>&nbsp;<\/p>\n<h2><span><em>Year 2021<\/em><\/span><\/h2>\n<ul>\n<li>&nbsp;<a href=\"https:\/\/www.camarazamora.com\/wp-content\/uploads\/2021_CONVENIO_PROGRAMA_PICE_ONLINE_CAMARA_ZAMORA_Y_EUROFORMAC_firmado.pdf\" target=\"_blank\" rel=\"noopener noreferrer\">Convenio de Colaboraci\u00f3n para la realizaci\u00f3n de Formaci\u00f3n Online<\/a><\/li>\n<\/ul>\n<p>&nbsp;<\/p>\n<p>&nbsp;<\/p>\n<h2><span><strong>B \u2013&nbsp;<a href=\"https:\/\/www.camarazamora.com\/wp-content\/uploads\/2019-Convenio-Ayuntamiento-de-Zamora-VUE.pdf\">PUBLIC<\/a>&nbsp;RESOURCES<\/strong><\/span><\/h2>\n<ul>\n<li><a href=\"https:\/\/www.camarazamora.com\/wp-content\/uploads\/Recursos-Publicos_2018.pdf\" target=\"_blank\" rel=\"noopener noreferrer\"><span>Year 2018<\/span><\/a><\/li>\n<li><a href=\"https:\/\/www.camarazamora.com\/wp-content\/uploads\/Recursos-Publicos_2019.pdf\">Year 2019<\/a><\/li>\n<li><a href=\"https:\/\/www.camarazamora.com\/wp-content\/uploads\/Recursos-Publicos_2020.pdf\" title=\"Recursos Publicos 2020\">Year 2020<\/a><\/li>\n<\/ul>\n<p>&nbsp;<\/p>\n<p>&nbsp;<\/p>\n<p>[\/et_pb_text][\/et_pb_column][\/et_pb_row][\/et_pb_section]<\/p>\n","protected":false},"excerpt":{"rendered":"<p>[et_pb_section fb_built=\u00bb1&#8243; fullwidth=\u00bbon\u00bb module_class=\u00bbfondo_migas\u00bb _builder_version=\u00bb3.0.106&#8243; background_image=\u00bbhttps:\/\/www.camarazamora.com\/en\/wp-content\/uploads\/convenio.jpg\u00bb custom_margin=\u00bb0px|0px|0px|0px\u00bb custom_padding=\u00bb100px|0px|100px|0px\u00bb][\/et_pb_section][et_pb_section fb_built=\u00bb1&#8243; _builder_version=\u00bb3.18.2&#8243;][et_pb_row custom_padding=\u00bb0px||0px|2px|false|false\u00bb _builder_version=\u00bb3.0.106&#8243;][et_pb_column type=\u00bb4_4&#8243; _builder_version=\u00bb3.0.47&#8243; parallax=\u00bboff\u00bb parallax_method=\u00bbon\u00bb][et_pb_text _builder_version=\u00bb3.18.2&#8243; text_font=\u00bb||||||||\u00bb header_2_text_color=\u00bb#ba173e\u00bb custom_margin=\u00bb|||\u00bb] A &#8211; MANAGEMENT AGREEMENTS AND ASSIGNMENTS &nbsp;&nbsp;The Official Chamber of Commerce, Industry and Services of Zamora, has signed since 2017 the agreements that are detailed below and you can see a summary by clicking&nbsp;HERE&nbsp; &nbsp; [&hellip;]<\/p>\n","protected":false},"author":1,"featured_media":0,"parent":1419,"menu_order":0,"comment_status":"closed","ping_status":"closed","template":"","meta":{"_et_pb_use_builder":"on","_et_pb_old_content":"","_monsterinsights_skip_tracking":false,"_monsterinsights_sitenote_active":false,"_monsterinsights_sitenote_note":"","_monsterinsights_sitenote_category":0,"footnotes":""},"class_list":["post-2250","page","type-page","status-publish","hentry"],"yoast_head":"<!-- This site is optimized with the Yoast SEO plugin v21.7 - https:\/\/yoast.com\/wordpress\/plugins\/seo\/ -->\n<title>Management Agreements and Assignments Chamber of Commerce<\/title>\n<meta name=\"description\" content=\"Management Agreements and Commitments signed by the Official Chamber of Commerce, Industry and Services of Zamora since 2017.\" \/>\n<meta name=\"robots\" content=\"index, follow, max-snippet:-1, max-image-preview:large, max-video-preview:-1\" \/>\n<link rel=\"canonical\" href=\"https:\/\/www.camarazamora.com\/en\/transparency-portal\/management-agreements-and-assignments\" \/>\n<meta property=\"og:locale\" content=\"es_ES\" \/>\n<meta property=\"og:type\" content=\"article\" \/>\n<meta property=\"og:title\" content=\"Management Agreements and Assignments Chamber of Commerce\" \/>\n<meta property=\"og:description\" content=\"Management Agreements and Commitments signed by the Official Chamber of Commerce, Industry and Services of Zamora since 2017.\" \/>\n<meta property=\"og:url\" content=\"https:\/\/www.camarazamora.com\/en\/transparency-portal\/management-agreements-and-assignments\" \/>\n<meta property=\"og:site_name\" content=\"C\u00e1mara Oficial de Comercio, Industria y Servicios de Zamora\" \/>\n<meta property=\"article:publisher\" content=\"https:\/\/www.facebook.com\/camarazamora\/\" \/>\n<meta property=\"article:modified_time\" content=\"2021-05-26T12:16:11+00:00\" \/>\n<meta name=\"twitter:card\" content=\"summary_large_image\" \/>\n<meta name=\"twitter:site\" content=\"@camaradezamora\" \/>\n<meta name=\"twitter:label1\" content=\"Tiempo de lectura\" \/>\n\t<meta name=\"twitter:data1\" content=\"2 minutos\" \/>\n<script type=\"application\/ld+json\" class=\"yoast-schema-graph\">{\"@context\":\"https:\/\/schema.org\",\"@graph\":[{\"@type\":\"WebPage\",\"@id\":\"https:\/\/www.camarazamora.com\/en\/transparency-portal\/management-agreements-and-assignments\",\"url\":\"https:\/\/www.camarazamora.com\/en\/transparency-portal\/management-agreements-and-assignments\",\"name\":\"Management Agreements and Assignments Chamber of Commerce\",\"isPartOf\":{\"@id\":\"https:\/\/www.camarazamora.com\/en\/#website\"},\"datePublished\":\"2018-08-16T10:48:33+00:00\",\"dateModified\":\"2021-05-26T12:16:11+00:00\",\"description\":\"Management Agreements and Commitments signed by the Official Chamber of Commerce, Industry and Services of Zamora since 2017.\",\"breadcrumb\":{\"@id\":\"https:\/\/www.camarazamora.com\/en\/transparency-portal\/management-agreements-and-assignments#breadcrumb\"},\"inLanguage\":\"es\",\"potentialAction\":[{\"@type\":\"ReadAction\",\"target\":[\"https:\/\/www.camarazamora.com\/en\/transparency-portal\/management-agreements-and-assignments\"]}]},{\"@type\":\"BreadcrumbList\",\"@id\":\"https:\/\/www.camarazamora.com\/en\/transparency-portal\/management-agreements-and-assignments#breadcrumb\",\"itemListElement\":[{\"@type\":\"ListItem\",\"position\":1,\"name\":\"Portada\",\"item\":\"https:\/\/www.camarazamora.com\/en\/\"},{\"@type\":\"ListItem\",\"position\":2,\"name\":\"Transparency Portal\",\"item\":\"https:\/\/www.camarazamora.com\/en\/transparency-portal\"},{\"@type\":\"ListItem\",\"position\":3,\"name\":\"Management Agreements and Assignments\"}]},{\"@type\":\"WebSite\",\"@id\":\"https:\/\/www.camarazamora.com\/en\/#website\",\"url\":\"https:\/\/www.camarazamora.com\/en\/\",\"name\":\"Chamber of Commerce, Industry and Services of Zamora\",\"description\":\"\",\"publisher\":{\"@id\":\"https:\/\/www.camarazamora.com\/en\/#organization\"},\"potentialAction\":[{\"@type\":\"SearchAction\",\"target\":{\"@type\":\"EntryPoint\",\"urlTemplate\":\"https:\/\/www.camarazamora.com\/en\/?s={search_term_string}\"},\"query-input\":\"required name=search_term_string\"}],\"inLanguage\":\"es\"},{\"@type\":\"Organization\",\"@id\":\"https:\/\/www.camarazamora.com\/en\/#organization\",\"name\":\"C\u00e1mara de Comercio de Zamora\",\"url\":\"https:\/\/www.camarazamora.com\/en\/\",\"logo\":{\"@type\":\"ImageObject\",\"inLanguage\":\"es\",\"@id\":\"https:\/\/www.camarazamora.com\/en\/#\/schema\/logo\/image\/\",\"url\":\"https:\/\/www.camarazamora.com\/en\/wp-content\/uploads\/IMG_728944_G.jpg\",\"contentUrl\":\"https:\/\/www.camarazamora.com\/en\/wp-content\/uploads\/IMG_728944_G.jpg\",\"width\":350,\"height\":250,\"caption\":\"C\u00e1mara de Comercio de Zamora\"},\"image\":{\"@id\":\"https:\/\/www.camarazamora.com\/en\/#\/schema\/logo\/image\/\"},\"sameAs\":[\"https:\/\/www.facebook.com\/camarazamora\/\",\"https:\/\/twitter.com\/camaradezamora\",\"https:\/\/www.instagram.com\/camarazamora\/\",\"https:\/\/www.linkedin.com\/company\/camara-de-comercio-e-industria-de-zamora\",\"https:\/\/www.pinterest.es\/camarazamora\/\",\"https:\/\/www.youtube.com\/camarazamora\",\"https:\/\/es.wikipedia.org\/wiki\/C\u00e1mara_Oficial_de_Comercio_e_Industria_de_Zamora\"]}]}<\/script>\n<!-- \/ Yoast SEO plugin. -->","yoast_head_json":{"title":"Management Agreements and Assignments Chamber of Commerce","description":"Management Agreements and Commitments signed by the Official Chamber of Commerce, Industry and Services of Zamora since 2017.","robots":{"index":"index","follow":"follow","max-snippet":"max-snippet:-1","max-image-preview":"max-image-preview:large","max-video-preview":"max-video-preview:-1"},"canonical":"https:\/\/www.camarazamora.com\/en\/transparency-portal\/management-agreements-and-assignments","og_locale":"es_ES","og_type":"article","og_title":"Management Agreements and Assignments Chamber of Commerce","og_description":"Management Agreements and Commitments signed by the Official Chamber of Commerce, Industry and Services of Zamora since 2017.","og_url":"https:\/\/www.camarazamora.com\/en\/transparency-portal\/management-agreements-and-assignments","og_site_name":"C\u00e1mara Oficial de Comercio, Industria y Servicios de Zamora","article_publisher":"https:\/\/www.facebook.com\/camarazamora\/","article_modified_time":"2021-05-26T12:16:11+00:00","twitter_card":"summary_large_image","twitter_site":"@camaradezamora","twitter_misc":{"Tiempo de lectura":"2 minutos"},"schema":{"@context":"https:\/\/schema.org","@graph":[{"@type":"WebPage","@id":"https:\/\/www.camarazamora.com\/en\/transparency-portal\/management-agreements-and-assignments","url":"https:\/\/www.camarazamora.com\/en\/transparency-portal\/management-agreements-and-assignments","name":"Management Agreements and Assignments Chamber of Commerce","isPartOf":{"@id":"https:\/\/www.camarazamora.com\/en\/#website"},"datePublished":"2018-08-16T10:48:33+00:00","dateModified":"2021-05-26T12:16:11+00:00","description":"Management Agreements and Commitments signed by the Official Chamber of Commerce, Industry and Services of Zamora since 2017.","breadcrumb":{"@id":"https:\/\/www.camarazamora.com\/en\/transparency-portal\/management-agreements-and-assignments#breadcrumb"},"inLanguage":"es","potentialAction":[{"@type":"ReadAction","target":["https:\/\/www.camarazamora.com\/en\/transparency-portal\/management-agreements-and-assignments"]}]},{"@type":"BreadcrumbList","@id":"https:\/\/www.camarazamora.com\/en\/transparency-portal\/management-agreements-and-assignments#breadcrumb","itemListElement":[{"@type":"ListItem","position":1,"name":"Portada","item":"https:\/\/www.camarazamora.com\/en\/"},{"@type":"ListItem","position":2,"name":"Transparency Portal","item":"https:\/\/www.camarazamora.com\/en\/transparency-portal"},{"@type":"ListItem","position":3,"name":"Management Agreements and Assignments"}]},{"@type":"WebSite","@id":"https:\/\/www.camarazamora.com\/en\/#website","url":"https:\/\/www.camarazamora.com\/en\/","name":"Chamber of Commerce, Industry and Services of Zamora","description":"","publisher":{"@id":"https:\/\/www.camarazamora.com\/en\/#organization"},"potentialAction":[{"@type":"SearchAction","target":{"@type":"EntryPoint","urlTemplate":"https:\/\/www.camarazamora.com\/en\/?s={search_term_string}"},"query-input":"required name=search_term_string"}],"inLanguage":"es"},{"@type":"Organization","@id":"https:\/\/www.camarazamora.com\/en\/#organization","name":"C\u00e1mara de Comercio de Zamora","url":"https:\/\/www.camarazamora.com\/en\/","logo":{"@type":"ImageObject","inLanguage":"es","@id":"https:\/\/www.camarazamora.com\/en\/#\/schema\/logo\/image\/","url":"https:\/\/www.camarazamora.com\/en\/wp-content\/uploads\/IMG_728944_G.jpg","contentUrl":"https:\/\/www.camarazamora.com\/en\/wp-content\/uploads\/IMG_728944_G.jpg","width":350,"height":250,"caption":"C\u00e1mara de Comercio de Zamora"},"image":{"@id":"https:\/\/www.camarazamora.com\/en\/#\/schema\/logo\/image\/"},"sameAs":["https:\/\/www.facebook.com\/camarazamora\/","https:\/\/twitter.com\/camaradezamora","https:\/\/www.instagram.com\/camarazamora\/","https:\/\/www.linkedin.com\/company\/camara-de-comercio-e-industria-de-zamora","https:\/\/www.pinterest.es\/camarazamora\/","https:\/\/www.youtube.com\/camarazamora","https:\/\/es.wikipedia.org\/wiki\/C\u00e1mara_Oficial_de_Comercio_e_Industria_de_Zamora"]}]}},"_links":{"self":[{"href":"https:\/\/www.camarazamora.com\/en\/wp-json\/wp\/v2\/pages\/2250","targetHints":{"allow":["GET"]}}],"collection":[{"href":"https:\/\/www.camarazamora.com\/en\/wp-json\/wp\/v2\/pages"}],"about":[{"href":"https:\/\/www.camarazamora.com\/en\/wp-json\/wp\/v2\/types\/page"}],"author":[{"embeddable":true,"href":"https:\/\/www.camarazamora.com\/en\/wp-json\/wp\/v2\/users\/1"}],"replies":[{"embeddable":true,"href":"https:\/\/www.camarazamora.com\/en\/wp-json\/wp\/v2\/comments?post=2250"}],"version-history":[{"count":54,"href":"https:\/\/www.camarazamora.com\/en\/wp-json\/wp\/v2\/pages\/2250\/revisions"}],"predecessor-version":[{"id":9884,"href":"https:\/\/www.camarazamora.com\/en\/wp-json\/wp\/v2\/pages\/2250\/revisions\/9884"}],"up":[{"embeddable":true,"href":"https:\/\/www.camarazamora.com\/en\/wp-json\/wp\/v2\/pages\/1419"}],"wp:attachment":[{"href":"https:\/\/www.camarazamora.com\/en\/wp-json\/wp\/v2\/media?parent=2250"}],"curies":[{"name":"wp","href":"https:\/\/api.w.org\/{rel}","templated":true}]}}