{"id":4382,"date":"2019-11-12T12:22:32","date_gmt":"2019-11-12T12:22:32","guid":{"rendered":"https:\/\/www.camarazamora.com\/en\/?page_id=4382"},"modified":"2021-05-26T12:12:49","modified_gmt":"2021-05-26T12:12:49","slug":"transcolab-eng","status":"publish","type":"page","link":"https:\/\/www.camarazamora.com\/en\/transcolab-eng","title":{"rendered":"Transcolab"},"content":{"rendered":"<p>[et_pb_section fb_built=\u00bb1&#8243; _builder_version=\u00bb3.18.2&#8243;][et_pb_row _builder_version=\u00bb3.18.2&#8243;][et_pb_column type=\u00bb4_4&#8243; _builder_version=\u00bb3.18.2&#8243; parallax=\u00bboff\u00bb parallax_method=\u00bbon\u00bb][et_pb_image src=\u00bbhttps:\/\/www.camarazamora.com\/en\/wp-content\/uploads\/logo_proj.jpg\u00bb _builder_version=\u00bb3.18.2&#8243;][\/et_pb_image][\/et_pb_column][\/et_pb_row][et_pb_row _builder_version=\u00bb3.18.2&#8243;][et_pb_column type=\u00bb4_4&#8243; _builder_version=\u00bb3.18.2&#8243; parallax=\u00bboff\u00bb parallax_method=\u00bbon\u00bb][et_pb_text _builder_version=\u00bb3.18.2&#8243;]<\/p>\n<div class=\"et_pb_module et_pb_text et_pb_text_0 et_pb_bg_layout_light  et_pb_text_align_left\">\n<div class=\"et_pb_text_inner\"><\/div>\n<\/div>\n<div class=\"et_pb_module et_pb_text et_pb_text_1 et_pb_bg_layout_light  et_pb_text_align_left\">\n<div class=\"et_pb_text_inner\">\n<p><a href=\"http:\/\/www.igae.pap.hacienda.gob.es\/sitios\/igae\/es-ES\/snca\/Paginas\/ComunicacionSNCA.aspx\"><\/a><\/p>\n<div class=\"et_pb_module et_pb_text et_pb_text_0 et_pb_bg_layout_light  et_pb_text_align_left\">\n<div class=\"et_pb_text_inner\">\n<p><a href=\"http:\/\/transcolab.com\/\" target=\"_blank\" rel=\"noopener noreferrer\"><strong>Transcolab<\/strong><\/a><span>&nbsp;<\/span>(The Cross-border collaboration laboratory for sustainability and innovation in the agri-food and agribusiness sector ) is a project in which universities, foundations, research centers, associations and companies from the community of Castilla y Le\u00f3n and Northern Portugal join forces with the objective to promote collaboration between the research sector and the business fabric, promoting innovation in the agri-food sector<\/p>\n<p>&nbsp;<\/p>\n<p>To do this, the project will establish a<span>&nbsp;<\/span><strong>Cross-Border Collaborative Laboratory<\/strong><span>&nbsp;<\/span>promoting various actions of action that contribute to the achievement of the specific objectives of POCTEP.<\/p>\n<\/div>\n<\/div>\n<div class=\"et_pb_module et_pb_text et_pb_text_1 et_pb_bg_layout_light  et_pb_text_align_left\">\n<div class=\"et_pb_text_inner\">\n<p>This project intends to improve<span>&nbsp;<\/span><strong>the connection between research centers and companies<\/strong>, identifying the needs of the cereal sector and the scientific-technological capacities existing in the participating regions. Thus, they will be able to create synergies and joint actions that allow the transfer of R + D + i knowledge and generate new ideas and solutions adapted to market needs.<\/p>\n<p>&nbsp;<\/p>\n<p>Additionally, it is intended to develop joint projects in order to<span>&nbsp;<\/span><strong>create innovative products<\/strong><span>&nbsp;<\/span>through the development of a series of demonstration actions that promote the creation of innovative technological products and processes in the sector. Specifically, bakery and pastry. To do this, it is intended to investigate new natural colorants and preservatives, as well as natural residues that could be used in artisan foods.<\/p>\n<p>Lastly, the<span>&nbsp;<\/span><strong>formation and mobility of the investigators<\/strong><span>&nbsp;<\/span>will be fomented, between the different training centers and companies, developing a joint training pilot program, where researchers can benefit from the network created by Transcolab.<\/p>\n<p><strong>Project Code:<\/strong><span>&nbsp;<\/span>0612_TRANS_CO_LAB_2_P<br \/>\n<strong>Program:<\/strong><span>&nbsp;<\/span>POCTEP \u2013 Programa de Cooperaci\u00f3n Transfronteriza Portugal-Espa\u00f1a<br \/>\n<strong>Principal Objective<\/strong><span>&nbsp;<\/span>| Promover la investigaci\u00f3n, el desarrollo tecnol\u00f3gico y la innovaci\u00f3n.<br \/>\n<strong>Region<\/strong><span>&nbsp;<\/span>| Norte de Portugal \u2013 Castilla y Le\u00f3n<br \/>\n<strong>Start Date<\/strong><span>&nbsp;<\/span>| 01-06-2019<br \/>\n<strong>Finalization Date<\/strong><span>&nbsp;<\/span>| 31-12-2021<br \/>\n<strong>Eligible inversion<\/strong><span>&nbsp;<\/span>| 1.309.353,67 euros<br \/>\n<strong>Communitary fund approved<\/strong><span>&nbsp;<\/span>| 965,493.45 euros<\/p>\n<p>Any person who has knowledge of facts that could be constitutive of fraud or irregularity in relation to projects or operations financed totally or partially with funds from the European Union within the framework of this call may bring said facts to the knowledge of the National Coordination Service. Anti-fraud of the General Intervention of the State Administration, by digital means through the channel enabled for this purpose by said Service at the web address indicated below and in the terms established in Communication 1\/2017, of April 6, of the aforementioned Service:<span>&nbsp;<\/span><a href=\"http:\/\/www.igae.pap.hacienda.gob.es\/sitios\/igae\/es-ES\/snca\/Paginas\/ComunicacionSNCA.aspx\" target=\"_blank\" rel=\"noopener noreferrer\">http:\/\/www.igae.pap.hacienda.gob.es\/sitios\/igae\/es-ES\/snca\/Paginas\/ComunicacionSNCA.aspx<\/a><\/p>\n<\/div>\n<\/div>\n<\/div>\n<\/div>\n<p>[\/et_pb_text][et_pb_text _builder_version=\u00bb3.18.2&#8243;][\/et_pb_text][\/et_pb_column][\/et_pb_row][et_pb_row _builder_version=\u00bb3.18.2&#8243;][et_pb_column type=\u00bb4_4&#8243; _builder_version=\u00bb3.18.2&#8243; parallax=\u00bboff\u00bb parallax_method=\u00bbon\u00bb][et_pb_text _builder_version=\u00bb3.18.2&#8243;]<\/p>\n<h2><strong>Socios<\/strong><\/h2>\n<p>[\/et_pb_text][\/et_pb_column][\/et_pb_row][et_pb_row _builder_version=\u00bb3.18.2&#8243;][et_pb_column type=\u00bb1_4&#8243; _builder_version=\u00bb3.18.2&#8243; parallax=\u00bboff\u00bb parallax_method=\u00bbon\u00bb][et_pb_image src=\u00bbhttps:\/\/www.camarazamora.com\/en\/wp-content\/uploads\/usal_0.jpg\u00bb _builder_version=\u00bb3.18.2&#8243;][\/et_pb_image][et_pb_text _builder_version=\u00bb3.18.2&#8243;]<\/p>\n<p style=\"text-align: center;\"><strong>USAL &#8211; Escuela Polit\u00e9cnica Superior de Zamora<\/strong><\/p>\n<p>[\/et_pb_text][\/et_pb_column][et_pb_column type=\u00bb1_4&#8243; _builder_version=\u00bb3.18.2&#8243; parallax=\u00bboff\u00bb parallax_method=\u00bbon\u00bb][et_pb_image src=\u00bbhttps:\/\/www.camarazamora.com\/en\/wp-content\/uploads\/uva.jpg\u00bb _builder_version=\u00bb3.18.2&#8243; custom_margin=\u00bb10px||\u00bb][\/et_pb_image][et_pb_text _builder_version=\u00bb3.18.2&#8243;]<\/p>\n<p style=\"text-align: center;\"><strong>Universidad de Valladolid<\/strong><\/p>\n<p>[\/et_pb_text][\/et_pb_column][et_pb_column type=\u00bb1_4&#8243; _builder_version=\u00bb3.18.2&#8243; parallax=\u00bboff\u00bb parallax_method=\u00bbon\u00bb][et_pb_image src=\u00bbhttps:\/\/www.camarazamora.com\/en\/wp-content\/uploads\/fuescyl.jpg\u00bb _builder_version=\u00bb3.18.2&#8243; custom_margin=\u00bb4px||\u00bb custom_margin_phone=\u00bb10px||\u00bb custom_margin_last_edited=\u00bbon|phone\u00bb][\/et_pb_image][et_pb_text _builder_version=\u00bb3.18.2&#8243;]<\/p>\n<p style=\"text-align: center;\"><strong>Fundaci\u00f3n Universidades y Ense\u00f1anzas Superiores de Castilla y Le\u00f3n<\/strong><\/p>\n<p>[\/et_pb_text][\/et_pb_column][et_pb_column type=\u00bb1_4&#8243; _builder_version=\u00bb3.18.2&#8243; parallax=\u00bboff\u00bb parallax_method=\u00bbon\u00bb][et_pb_image src=\u00bbhttps:\/\/www.camarazamora.com\/en\/wp-content\/uploads\/frah.jpg\u00bb _builder_version=\u00bb3.18.2&#8243; custom_margin=\u00bb10px||\u00bb][\/et_pb_image][et_pb_text _builder_version=\u00bb3.18.2&#8243;]<\/p>\n<p style=\"text-align: center;\"><strong>Fundaci\u00f3n Hispano-Portuguesa Rei Afonso Henriques<\/strong><\/p>\n<p>[\/et_pb_text][\/et_pb_column][\/et_pb_row][et_pb_row _builder_version=\u00bb3.18.2&#8243;][et_pb_column type=\u00bb1_4&#8243; _builder_version=\u00bb3.18.2&#8243; parallax=\u00bboff\u00bb parallax_method=\u00bbon\u00bb][et_pb_image src=\u00bbhttps:\/\/www.camarazamora.com\/en\/wp-content\/uploads\/cimo.jpg\u00bb _builder_version=\u00bb3.18.2&#8243;][\/et_pb_image][et_pb_text _builder_version=\u00bb3.18.2&#8243;]<\/p>\n<p style=\"text-align: center;\"><strong>IPB-Centro de Investiga\u00e7ao de Montanha<\/strong><\/p>\n<p>[\/et_pb_text][\/et_pb_column][et_pb_column type=\u00bb1_4&#8243; _builder_version=\u00bb3.18.2&#8243; parallax=\u00bboff\u00bb parallax_method=\u00bbon\u00bb][et_pb_image src=\u00bbhttps:\/\/www.camarazamora.com\/en\/wp-content\/uploads\/cncfs.jpg\u00bb _builder_version=\u00bb3.18.2&#8243; custom_margin=\u00bb10px||\u00bb][\/et_pb_image][et_pb_text _builder_version=\u00bb3.18.2&#8243;]<\/p>\n<p style=\"text-align: center;\"><strong>Centro Nacional de competencias dos Frutos Secos &#8211; CNCFS<\/strong><\/p>\n<p>[\/et_pb_text][\/et_pb_column][et_pb_column type=\u00bb1_4&#8243; _builder_version=\u00bb3.18.2&#8243; parallax=\u00bboff\u00bb parallax_method=\u00bbon\u00bb][et_pb_image src=\u00bbhttps:\/\/www.camarazamora.com\/en\/wp-content\/uploads\/deifil.jpg\u00bb _builder_version=\u00bb3.18.2&#8243;][\/et_pb_image][et_pb_text _builder_version=\u00bb3.18.2&#8243;]<\/p>\n<p style=\"text-align: center;\"><strong>Deifil Technology<\/strong><\/p>\n<p>[\/et_pb_text][\/et_pb_column][et_pb_column type=\u00bb1_4&#8243; _builder_version=\u00bb3.18.2&#8243; parallax=\u00bboff\u00bb parallax_method=\u00bbon\u00bb][et_pb_image src=\u00bbhttps:\/\/www.camarazamora.com\/en\/wp-content\/uploads\/tecpan_0.jpg\u00bb _builder_version=\u00bb3.18.2&#8243; custom_margin=\u00bb10px||\u00bb][\/et_pb_image][et_pb_text _builder_version=\u00bb3.18.2&#8243;]<\/p>\n<p style=\"text-align: center;\"><strong>Tecpan<\/strong><\/p>\n<p>[\/et_pb_text][\/et_pb_column][\/et_pb_row][et_pb_row _builder_version=\u00bb3.18.2&#8243;][et_pb_column type=\u00bb1_4&#8243; _builder_version=\u00bb3.18.2&#8243; parallax=\u00bboff\u00bb parallax_method=\u00bbon\u00bb][et_pb_image src=\u00bbhttps:\/\/www.camarazamora.com\/en\/wp-content\/uploads\/molendum.jpg\u00bb _builder_version=\u00bb3.18.2&#8243; custom_margin=\u00bb-8px||\u00bb][\/et_pb_image][et_pb_text _builder_version=\u00bb3.18.2&#8243;]<\/p>\n<p style=\"text-align: center;\"><strong>Molemdum Ingredients<\/strong><\/p>\n<p>[\/et_pb_text][\/et_pb_column][et_pb_column type=\u00bb1_4&#8243; _builder_version=\u00bb3.18.2&#8243; parallax=\u00bboff\u00bb parallax_method=\u00bbon\u00bb][et_pb_image src=\u00bbhttps:\/\/www.camarazamora.com\/en\/wp-content\/uploads\/molinos.jpg\u00bb _builder_version=\u00bb3.18.2&#8243;][\/et_pb_image][et_pb_text _builder_version=\u00bb3.18.2&#8243;]<\/p>\n<p style=\"text-align: center;\"><strong>Molinos del Duero y Compa\u00f1ia General de Harinas<\/strong><\/p>\n<p>[\/et_pb_text][\/et_pb_column][et_pb_column type=\u00bb1_4&#8243; _builder_version=\u00bb3.18.2&#8243; parallax=\u00bboff\u00bb parallax_method=\u00bbon\u00bb][et_pb_image src=\u00bbhttps:\/\/www.camarazamora.com\/en\/wp-content\/uploads\/paogimonde.jpg\u00bb _builder_version=\u00bb3.18.2&#8243; custom_margin=\u00bb11px||\u00bb][\/et_pb_image][et_pb_text _builder_version=\u00bb3.18.2&#8243;]<\/p>\n<p style=\"text-align: center;\"><strong>M.Ferreira &amp; Filhas<\/strong><\/p>\n<p>[\/et_pb_text][\/et_pb_column][et_pb_column type=\u00bb1_4&#8243; _builder_version=\u00bb3.18.2&#8243; parallax=\u00bboff\u00bb parallax_method=\u00bbon\u00bb][et_pb_image src=\u00bbhttps:\/\/www.camarazamora.com\/en\/wp-content\/uploads\/sortegel.jpg\u00bb _builder_version=\u00bb3.18.2&#8243; custom_margin=\u00bb10px||\u00bb][\/et_pb_image][et_pb_text _builder_version=\u00bb3.18.2&#8243;]<\/p>\n<p style=\"text-align: center;\"><strong>Sortegel<\/strong><\/p>\n<p>[\/et_pb_text][\/et_pb_column][\/et_pb_row][et_pb_row _builder_version=\u00bb3.18.2&#8243;][et_pb_column type=\u00bb1_4&#8243; _builder_version=\u00bb3.18.2&#8243; parallax=\u00bboff\u00bb parallax_method=\u00bbon\u00bb][et_pb_image src=\u00bbhttps:\/\/www.camarazamora.com\/en\/wp-content\/uploads\/logo.png\u00bb align=\u00bbcenter\u00bb _builder_version=\u00bb3.18.2&#8243; custom_margin=\u00bb-7px||\u00bb][\/et_pb_image][et_pb_text _builder_version=\u00bb3.18.2&#8243; custom_margin=\u00bb15px||\u00bb custom_margin_last_edited=\u00bbon|tablet\u00bb]<\/p>\n<p style=\"text-align: center;\"><strong>C\u00e1mara Oficial de Comercio, Industria y Servicios de Zamora<\/strong><\/p>\n<p>[\/et_pb_text][\/et_pb_column][et_pb_column type=\u00bb1_4&#8243; _builder_version=\u00bb3.18.2&#8243; parallax=\u00bboff\u00bb parallax_method=\u00bbon\u00bb][et_pb_image src=\u00bbhttps:\/\/www.camarazamora.com\/en\/wp-content\/uploads\/Logotipo-Coperblanc.png\u00bb align=\u00bbcenter\u00bb _builder_version=\u00bb3.18.2&#8243; max_width=\u00bb81%\u00bb custom_margin=\u00bb-16px||\u00bb][\/et_pb_image][et_pb_text _builder_version=\u00bb3.18.2&#8243; custom_margin=\u00bb12px||\u00bb]<\/p>\n<p style=\"text-align: center;\"><strong>Coperblanc Zamorana<\/strong><\/p>\n<p>[\/et_pb_text][\/et_pb_column][et_pb_column type=\u00bb1_4&#8243; _builder_version=\u00bb3.18.2&#8243; parallax=\u00bboff\u00bb parallax_method=\u00bbon\u00bb][\/et_pb_column][et_pb_column type=\u00bb1_4&#8243; _builder_version=\u00bb3.18.2&#8243; parallax=\u00bboff\u00bb parallax_method=\u00bbon\u00bb][\/et_pb_column][\/et_pb_row][\/et_pb_section]<\/p>\n","protected":false},"excerpt":{"rendered":"<p>[et_pb_section fb_built=\u00bb1&#8243; _builder_version=\u00bb3.18.2&#8243;][et_pb_row _builder_version=\u00bb3.18.2&#8243;][et_pb_column type=\u00bb4_4&#8243; _builder_version=\u00bb3.18.2&#8243; parallax=\u00bboff\u00bb parallax_method=\u00bbon\u00bb][et_pb_image src=\u00bbhttps:\/\/www.camarazamora.com\/en\/wp-content\/uploads\/logo_proj.jpg\u00bb _builder_version=\u00bb3.18.2&#8243;][\/et_pb_image][\/et_pb_column][\/et_pb_row][et_pb_row _builder_version=\u00bb3.18.2&#8243;][et_pb_column type=\u00bb4_4&#8243; _builder_version=\u00bb3.18.2&#8243; parallax=\u00bboff\u00bb parallax_method=\u00bbon\u00bb][et_pb_text _builder_version=\u00bb3.18.2&#8243;] Transcolab&nbsp;(The Cross-border collaboration laboratory for sustainability and innovation in the agri-food and agribusiness sector ) is a project in which universities, foundations, research centers, associations and companies from the community of Castilla y Le\u00f3n and Northern Portugal join forces [&hellip;]<\/p>\n","protected":false},"author":2,"featured_media":4409,"parent":0,"menu_order":0,"comment_status":"closed","ping_status":"closed","template":"","meta":{"_et_pb_use_builder":"on","_et_pb_old_content":"","_monsterinsights_skip_tracking":false,"_monsterinsights_sitenote_active":false,"_monsterinsights_sitenote_note":"","_monsterinsights_sitenote_category":0,"footnotes":""},"class_list":["post-4382","page","type-page","status-publish","has-post-thumbnail","hentry"],"yoast_head":"<!-- This site is optimized with the Yoast SEO plugin v21.7 - https:\/\/yoast.com\/wordpress\/plugins\/seo\/ -->\n<title>Transcolab - Chamber of Commerce<\/title>\n<meta name=\"description\" content=\"Transcolab is a project that was born with the aim of promoting innovation in the cereal agri-food sector. Learn more about this project.\" \/>\n<meta name=\"robots\" content=\"index, follow, max-snippet:-1, max-image-preview:large, max-video-preview:-1\" \/>\n<link rel=\"canonical\" href=\"https:\/\/www.camarazamora.com\/en\/transcolab-eng\" \/>\n<meta property=\"og:locale\" content=\"es_ES\" \/>\n<meta property=\"og:type\" content=\"article\" \/>\n<meta property=\"og:title\" content=\"Transcolab - Chamber of Commerce\" \/>\n<meta property=\"og:description\" content=\"Transcolab is a project that was born with the aim of promoting innovation in the cereal agri-food sector. Learn more about this project.\" \/>\n<meta property=\"og:url\" content=\"https:\/\/www.camarazamora.com\/en\/transcolab-eng\" \/>\n<meta property=\"og:site_name\" content=\"C\u00e1mara Oficial de Comercio, Industria y Servicios de Zamora\" \/>\n<meta property=\"article:publisher\" content=\"https:\/\/www.facebook.com\/camarazamora\/\" \/>\n<meta property=\"article:modified_time\" content=\"2021-05-26T12:12:49+00:00\" \/>\n<meta property=\"og:image\" content=\"https:\/\/www.camarazamora.com\/en\/wp-content\/uploads\/logo_proj.jpg\" \/>\n\t<meta property=\"og:image:width\" content=\"577\" \/>\n\t<meta property=\"og:image:height\" content=\"92\" \/>\n\t<meta property=\"og:image:type\" content=\"image\/jpeg\" \/>\n<meta name=\"twitter:card\" content=\"summary_large_image\" \/>\n<meta name=\"twitter:site\" content=\"@camaradezamora\" \/>\n<meta name=\"twitter:label1\" content=\"Tiempo de lectura\" \/>\n\t<meta name=\"twitter:data1\" content=\"6 minutos\" \/>\n<script type=\"application\/ld+json\" class=\"yoast-schema-graph\">{\"@context\":\"https:\/\/schema.org\",\"@graph\":[{\"@type\":\"WebPage\",\"@id\":\"https:\/\/www.camarazamora.com\/en\/transcolab-eng\",\"url\":\"https:\/\/www.camarazamora.com\/en\/transcolab-eng\",\"name\":\"Transcolab - Chamber of Commerce\",\"isPartOf\":{\"@id\":\"https:\/\/www.camarazamora.com\/en\/#website\"},\"datePublished\":\"2019-11-12T12:22:32+00:00\",\"dateModified\":\"2021-05-26T12:12:49+00:00\",\"description\":\"Transcolab is a project that was born with the aim of promoting innovation in the cereal agri-food sector. Learn more about this project.\",\"breadcrumb\":{\"@id\":\"https:\/\/www.camarazamora.com\/en\/transcolab-eng#breadcrumb\"},\"inLanguage\":\"es\",\"potentialAction\":[{\"@type\":\"ReadAction\",\"target\":[\"https:\/\/www.camarazamora.com\/en\/transcolab-eng\"]}]},{\"@type\":\"BreadcrumbList\",\"@id\":\"https:\/\/www.camarazamora.com\/en\/transcolab-eng#breadcrumb\",\"itemListElement\":[{\"@type\":\"ListItem\",\"position\":1,\"name\":\"Portada\",\"item\":\"https:\/\/www.camarazamora.com\/en\/\"},{\"@type\":\"ListItem\",\"position\":2,\"name\":\"Transcolab\"}]},{\"@type\":\"WebSite\",\"@id\":\"https:\/\/www.camarazamora.com\/en\/#website\",\"url\":\"https:\/\/www.camarazamora.com\/en\/\",\"name\":\"Chamber of Commerce, Industry and Services of Zamora\",\"description\":\"\",\"publisher\":{\"@id\":\"https:\/\/www.camarazamora.com\/en\/#organization\"},\"potentialAction\":[{\"@type\":\"SearchAction\",\"target\":{\"@type\":\"EntryPoint\",\"urlTemplate\":\"https:\/\/www.camarazamora.com\/en\/?s={search_term_string}\"},\"query-input\":\"required name=search_term_string\"}],\"inLanguage\":\"es\"},{\"@type\":\"Organization\",\"@id\":\"https:\/\/www.camarazamora.com\/en\/#organization\",\"name\":\"C\u00e1mara de Comercio de Zamora\",\"url\":\"https:\/\/www.camarazamora.com\/en\/\",\"logo\":{\"@type\":\"ImageObject\",\"inLanguage\":\"es\",\"@id\":\"https:\/\/www.camarazamora.com\/en\/#\/schema\/logo\/image\/\",\"url\":\"https:\/\/www.camarazamora.com\/en\/wp-content\/uploads\/IMG_728944_G.jpg\",\"contentUrl\":\"https:\/\/www.camarazamora.com\/en\/wp-content\/uploads\/IMG_728944_G.jpg\",\"width\":350,\"height\":250,\"caption\":\"C\u00e1mara de Comercio de Zamora\"},\"image\":{\"@id\":\"https:\/\/www.camarazamora.com\/en\/#\/schema\/logo\/image\/\"},\"sameAs\":[\"https:\/\/www.facebook.com\/camarazamora\/\",\"https:\/\/twitter.com\/camaradezamora\",\"https:\/\/www.instagram.com\/camarazamora\/\",\"https:\/\/www.linkedin.com\/company\/camara-de-comercio-e-industria-de-zamora\",\"https:\/\/www.pinterest.es\/camarazamora\/\",\"https:\/\/www.youtube.com\/camarazamora\",\"https:\/\/es.wikipedia.org\/wiki\/C\u00e1mara_Oficial_de_Comercio_e_Industria_de_Zamora\"]}]}<\/script>\n<!-- \/ Yoast SEO plugin. -->","yoast_head_json":{"title":"Transcolab - Chamber of Commerce","description":"Transcolab is a project that was born with the aim of promoting innovation in the cereal agri-food sector. Learn more about this project.","robots":{"index":"index","follow":"follow","max-snippet":"max-snippet:-1","max-image-preview":"max-image-preview:large","max-video-preview":"max-video-preview:-1"},"canonical":"https:\/\/www.camarazamora.com\/en\/transcolab-eng","og_locale":"es_ES","og_type":"article","og_title":"Transcolab - Chamber of Commerce","og_description":"Transcolab is a project that was born with the aim of promoting innovation in the cereal agri-food sector. Learn more about this project.","og_url":"https:\/\/www.camarazamora.com\/en\/transcolab-eng","og_site_name":"C\u00e1mara Oficial de Comercio, Industria y Servicios de Zamora","article_publisher":"https:\/\/www.facebook.com\/camarazamora\/","article_modified_time":"2021-05-26T12:12:49+00:00","og_image":[{"width":577,"height":92,"url":"https:\/\/www.camarazamora.com\/en\/wp-content\/uploads\/logo_proj.jpg","type":"image\/jpeg"}],"twitter_card":"summary_large_image","twitter_site":"@camaradezamora","twitter_misc":{"Tiempo de lectura":"6 minutos"},"schema":{"@context":"https:\/\/schema.org","@graph":[{"@type":"WebPage","@id":"https:\/\/www.camarazamora.com\/en\/transcolab-eng","url":"https:\/\/www.camarazamora.com\/en\/transcolab-eng","name":"Transcolab - Chamber of Commerce","isPartOf":{"@id":"https:\/\/www.camarazamora.com\/en\/#website"},"datePublished":"2019-11-12T12:22:32+00:00","dateModified":"2021-05-26T12:12:49+00:00","description":"Transcolab is a project that was born with the aim of promoting innovation in the cereal agri-food sector. Learn more about this project.","breadcrumb":{"@id":"https:\/\/www.camarazamora.com\/en\/transcolab-eng#breadcrumb"},"inLanguage":"es","potentialAction":[{"@type":"ReadAction","target":["https:\/\/www.camarazamora.com\/en\/transcolab-eng"]}]},{"@type":"BreadcrumbList","@id":"https:\/\/www.camarazamora.com\/en\/transcolab-eng#breadcrumb","itemListElement":[{"@type":"ListItem","position":1,"name":"Portada","item":"https:\/\/www.camarazamora.com\/en\/"},{"@type":"ListItem","position":2,"name":"Transcolab"}]},{"@type":"WebSite","@id":"https:\/\/www.camarazamora.com\/en\/#website","url":"https:\/\/www.camarazamora.com\/en\/","name":"Chamber of Commerce, Industry and Services of Zamora","description":"","publisher":{"@id":"https:\/\/www.camarazamora.com\/en\/#organization"},"potentialAction":[{"@type":"SearchAction","target":{"@type":"EntryPoint","urlTemplate":"https:\/\/www.camarazamora.com\/en\/?s={search_term_string}"},"query-input":"required name=search_term_string"}],"inLanguage":"es"},{"@type":"Organization","@id":"https:\/\/www.camarazamora.com\/en\/#organization","name":"C\u00e1mara de Comercio de Zamora","url":"https:\/\/www.camarazamora.com\/en\/","logo":{"@type":"ImageObject","inLanguage":"es","@id":"https:\/\/www.camarazamora.com\/en\/#\/schema\/logo\/image\/","url":"https:\/\/www.camarazamora.com\/en\/wp-content\/uploads\/IMG_728944_G.jpg","contentUrl":"https:\/\/www.camarazamora.com\/en\/wp-content\/uploads\/IMG_728944_G.jpg","width":350,"height":250,"caption":"C\u00e1mara de Comercio de Zamora"},"image":{"@id":"https:\/\/www.camarazamora.com\/en\/#\/schema\/logo\/image\/"},"sameAs":["https:\/\/www.facebook.com\/camarazamora\/","https:\/\/twitter.com\/camaradezamora","https:\/\/www.instagram.com\/camarazamora\/","https:\/\/www.linkedin.com\/company\/camara-de-comercio-e-industria-de-zamora","https:\/\/www.pinterest.es\/camarazamora\/","https:\/\/www.youtube.com\/camarazamora","https:\/\/es.wikipedia.org\/wiki\/C\u00e1mara_Oficial_de_Comercio_e_Industria_de_Zamora"]}]}},"_links":{"self":[{"href":"https:\/\/www.camarazamora.com\/en\/wp-json\/wp\/v2\/pages\/4382","targetHints":{"allow":["GET"]}}],"collection":[{"href":"https:\/\/www.camarazamora.com\/en\/wp-json\/wp\/v2\/pages"}],"about":[{"href":"https:\/\/www.camarazamora.com\/en\/wp-json\/wp\/v2\/types\/page"}],"author":[{"embeddable":true,"href":"https:\/\/www.camarazamora.com\/en\/wp-json\/wp\/v2\/users\/2"}],"replies":[{"embeddable":true,"href":"https:\/\/www.camarazamora.com\/en\/wp-json\/wp\/v2\/comments?post=4382"}],"version-history":[{"count":15,"href":"https:\/\/www.camarazamora.com\/en\/wp-json\/wp\/v2\/pages\/4382\/revisions"}],"predecessor-version":[{"id":9880,"href":"https:\/\/www.camarazamora.com\/en\/wp-json\/wp\/v2\/pages\/4382\/revisions\/9880"}],"wp:featuredmedia":[{"embeddable":true,"href":"https:\/\/www.camarazamora.com\/en\/wp-json\/wp\/v2\/media\/4409"}],"wp:attachment":[{"href":"https:\/\/www.camarazamora.com\/en\/wp-json\/wp\/v2\/media?parent=4382"}],"curies":[{"name":"wp","href":"https:\/\/api.w.org\/{rel}","templated":true}]}}