{"id":9911,"date":"2024-01-09T12:48:33","date_gmt":"2024-01-09T12:48:33","guid":{"rendered":"https:\/\/www.camarazamora.com\/en\/?page_id=9911"},"modified":"2024-03-26T11:04:12","modified_gmt":"2024-03-26T11:04:12","slug":"naturfab","status":"publish","type":"page","link":"https:\/\/www.camarazamora.com\/en\/naturfab","title":{"rendered":"NaturFAB"},"content":{"rendered":"<p>[et_pb_section admin_label=\u00bbsection\u00bb]<br \/>[et_pb_row admin_label=\u00bbrow\u00bb]<br \/>[et_pb_column type=\u00bb4_4&#8243;][et_pb_text admin_label=\u00bbText\u00bb]<\/p>\n<p>\u00a0<\/p>\n\n\n<figure class=\"wp-block-image size-full is-resized\"><img loading=\"lazy\" decoding=\"async\" width=\"859\" height=\"171\" src=\"https:\/\/www.camarazamora.com\/en\/wp-content\/uploads\/logo-naturfab.png\" alt=\"\" class=\"wp-image-10023\" style=\"width:589px;height:auto\" srcset=\"https:\/\/www.camarazamora.com\/en\/wp-content\/uploads\/logo-naturfab.png 859w, https:\/\/www.camarazamora.com\/en\/wp-content\/uploads\/logo-naturfab-300x60.png 300w, https:\/\/www.camarazamora.com\/en\/wp-content\/uploads\/logo-naturfab-768x153.png 768w\" sizes=\"auto, (max-width: 859px) 100vw, 859px\" \/><\/figure>\n\n\n\n<p><strong>NaturFAB<\/strong> is a cross-border cooperation project between Spain and Portugal that aims to <strong>enhance intelligent specialization, industrial transition and entrepreneurship through new materials<\/strong>. This European project has been approved within the framework of the <strong>3rd call of the of the <a href=\"https:\/\/www.poctep.eu\/en\/\" target=\"_blank\" rel=\"noreferrer noopener nofollow\">POCTEP 21-27 programme<\/a>.<\/strong><\/p>\n\n\n\n<p>The objective of NaturFAB is to integrate the existing industrial market of the involved regions with <strong>new circular productive processes<\/strong>. It is intended to base these new productive processes on the harnessing of fibres and waste products from <strong>endogenous resources <\/strong>(agricultural, forestry and mining) within the cooperation area through the additive manufacturing (3D printing). These new products aim to drive the regional industrial transition towards more sustainable and competitive models, as well as stimulate economical sector in the rural areas.<\/p>\n\n\n\n<p>The significance of this project lies in the utilization of the regions\u2019 endogenous resources as a wheel to modernise the industry and stimulate the economy. The regions involved in the project have a strong identity linked to its own endogenous resources as they form the basis for the vast majority of economic activities in the area. Moreover, the project will <strong>enable businesses to enhance its knowledge regarding new ways of production<\/strong> such as additive manufacturing.<\/p>\n\n\n\n<p>For this purpose, the project comprises several actions with the following objectives:<\/p>\n\n\n\n<ul class=\"wp-block-list\">\n<li>Study the <strong>potential to generate new materials<\/strong> based on fibres and waste from endogenous resources. To do this, the <strong>needs of the business<\/strong> from the cooperation area will be taken into account.<\/li>\n\n\n\n<li><strong>Develop new materials<\/strong> from the endogenous resources that are compatible with additive manufacturing.<\/li>\n\n\n\n<li><strong>Support businesses <\/strong>in the transformation of the industry, while enhancing their capacities in this new method of manufacturing.<\/li>\n\n\n\n<li><strong>Promote and share the project\u2019s results<\/strong>, involving the general public, the business sector as well as the academic sector.<\/li>\n<\/ul>\n\n\n\n<p><strong>Project code |<\/strong> 0049_NATUR_FAB_2_E<\/p>\n\n\n\n<p><strong>Programme | <\/strong>POCTEP &#8211; Cross-Border Cooperation Spain-Portugal<\/p>\n\n\n\n<p><strong>Priority |<\/strong> (P2) Promote cooperation to maximize the use of the territory&#8217;s endogenous resources, advance key initiatives, and make progress in smart specialization.<\/p>\n\n\n\n<p><strong>Specific objective |<\/strong> Capacity building for smart specialisation, industrial transition and entrepreneurship.<\/p>\n\n\n\n<p><strong>Political objective |<\/strong> A&nbsp;more competitive&nbsp;and&nbsp;smarter Europe&nbsp;by&nbsp;promoting innovative&nbsp;and&nbsp;smart economic transformation&nbsp;and&nbsp;regional ICT connectivity.<\/p>\n\n\n\n<p><strong>Region |<\/strong> Northern Portugal &#8211; Castile and Leon<\/p>\n\n\n\n<p><strong>Starting date |<\/strong> 01\/09\/2023<\/p>\n\n\n\n<p><strong>Completion date |<\/strong> 31\/08\/2026<\/p>\n\n\n\n<p><strong>Budget | <\/strong>1.441.836,29 euros<\/p>\n\n\n\n<p><strong>Budget funded by ERDF |<\/strong> 1.081.377,22 euros<\/p>\n\n\n\n<p><strong>Partnership |<\/strong><\/p>\n\n\n\n<ul class=\"wp-block-list\">\n<li><strong>Beneficiries:<\/strong>\n<ul class=\"wp-block-list\">\n<li><a href=\"https:\/\/www.usal.es\/\" target=\"_blank\" rel=\"noreferrer noopener nofollow\">Universidad de Salamanca<\/a>&nbsp;(ES) \u2013&nbsp;<em>Beneficiario principal<\/em><\/li>\n\n\n\n<li><a href=\"https:\/\/portal3.ipb.pt\/index.php\/pt\/ipb\" target=\"_blank\" rel=\"noreferrer noopener nofollow\">Instituto Polit\u00e9cnico de Bragan\u00e7a<\/a>&nbsp;(PT)<\/li>\n\n\n\n<li><a href=\"https:\/\/www.unileon.es\/\" target=\"_blank\" rel=\"noreferrer noopener nofollow\">Universidad de Le\u00f3n<\/a>&nbsp;(ES)<\/li>\n\n\n\n<li><a href=\"https:\/\/www.diputacionavila.es\/\" target=\"_blank\" rel=\"noreferrer noopener nofollow\">Diputaci\u00f3n Provincial de \u00c1vila<\/a>&nbsp;(ES)<\/li>\n\n\n\n<li><a href=\"https:\/\/www.fuescyl.com\/\" target=\"_blank\" rel=\"noreferrer noopener nofollow\">Fundaci\u00f3n Universidades y Ense\u00f1anzas Superiores de Castilla y Le\u00f3n<\/a>&nbsp;\u2013 FUESCYL&nbsp;(Junta de Castilla y Le\u00f3n) (ES)<\/li>\n\n\n\n<li><a href=\"https:\/\/www.camarazamora.com\/\" target=\"_blank\" rel=\"noreferrer noopener nofollow\">C\u00e1mara Oficial de Comercio, Industria y Servicios de Zamora<\/a>&nbsp;(ES)<\/li>\n\n\n\n<li><a href=\"https:\/\/nerba.pt\/site\/\" target=\"_blank\" rel=\"noreferrer noopener nofollow\">NERBA \u2013 Associa\u00e7\u00e3o Empresarial do Distrito de Bragan\u00e7a<\/a>&nbsp;(PT)<\/li>\n\n\n\n<li><a href=\"https:\/\/www.brigantia-ecopark.pt\/\" target=\"_blank\" rel=\"noreferrer noopener nofollow\">Associa\u00e7\u00e3o para o Desenvolvimento do Brigantia Ecopark<\/a>&nbsp;(PT)<\/li>\n<\/ul>\n<\/li>\n\n\n\n<li><strong>Partners:<\/strong>\n<ul class=\"wp-block-list\">\n<li><a href=\"https:\/\/www.diputaciondezamora.es\/opencms\/inicio\/\" target=\"_blank\" rel=\"noreferrer noopener nofollow\">Diputaci\u00f3n Provincial de Zamora<\/a>&nbsp;(ES)<\/li>\n\n\n\n<li><a href=\"https:\/\/www.cogitiza.org\/\" target=\"_blank\" rel=\"noreferrer noopener nofollow\">Colegio Oficial de Peritos e Ingenieros T\u00e9cnicos Industriales de Zamora<\/a>&nbsp;(ES)<\/li>\n\n\n\n<li><a href=\"https:\/\/nagami.design\/es\/\" target=\"_blank\" rel=\"noreferrer noopener nofollow\">Nagami Design, S.L.<\/a>&nbsp;(ES)<\/li>\n\n\n\n<li><a href=\"https:\/\/fundacioncerezalesantoninoycinia.org\/\" target=\"_blank\" rel=\"noreferrer noopener nofollow\">Fundaci\u00f3n Cerezales Antonino y Cinia<\/a>&nbsp;(ES)<\/li>\n\n\n\n<li><a href=\"https:\/\/www.cm-braganca.pt\/pages\/87\" target=\"_blank\" rel=\"noreferrer noopener nofollow\">Muni\u00e7\u00edpio de Bragan\u00e7a<\/a>&nbsp;(PT)<\/li>\n<\/ul>\n<\/li>\n<\/ul>\n\n\n\n<p><em>Anyone with knowledge of facts that could constitute fraud or irregularities related to projects or operations financed in whole or in part with funds from the European Union under this call may report such facts to the National Anti-Fraud Coordination Service of the General Intervention of the State Administration. This can be done electronically through the channel provided by the public administration at the following web address, in accordance with the terms established in Communication 1\/2017, dated April 6: <a href=\"http:\/\/www.igae.pap.hacienda.gob.es\/sitios\/igae\/es-ES\/snca\/Paginas\/ComunicacionSNCA.aspx\" target=\"_blank\" rel=\"noreferrer noopener nofollow\">http:\/\/www.igae.pap.hacienda.gob.es\/sitios\/igae\/es-ES\/snca\/Paginas\/ComunicacionSNCA.aspx<\/a><\/em><\/p>\n\n\n<p>[\/et_pb_text][\/et_pb_column]<br \/>\n\t\t[\/et_pb_row]<br \/>\n\t[\/et_pb_section]<\/p>","protected":false},"excerpt":{"rendered":"<p>[et_pb_section admin_label=\u00bbsection\u00bb][et_pb_row admin_label=\u00bbrow\u00bb][et_pb_column type=\u00bb4_4&#8243;][et_pb_text admin_label=\u00bbText\u00bb] \u00a0 NaturFAB is a cross-border cooperation project between Spain and Portugal that aims to enhance intelligent specialization, industrial transition and entrepreneurship through new materials. This European project has been approved within the framework of the 3rd call of the of the POCTEP 21-27 programme. The objective of NaturFAB is to [&hellip;]<\/p>\n","protected":false},"author":5,"featured_media":0,"parent":0,"menu_order":0,"comment_status":"closed","ping_status":"closed","template":"","meta":{"_et_pb_use_builder":"on","_et_pb_old_content":"<!-- wp:paragraph -->\n<p><strong>NaturFAB<\/strong> is a cross-border cooperation project between Spain and Portugal that aims to <strong>enhance intelligent specialization, industrial transition and entrepreneurship through new materials<\/strong>. This European project has been approved within the framework of the <strong>3rd call of the of the <a href=\"https:\/\/www.poctep.eu\/en\/\" target=\"_blank\" rel=\"noreferrer noopener nofollow\">POCTEP 21-27 programme<\/a>.<\/strong><\/p>\n<!-- \/wp:paragraph -->\n\n<!-- wp:paragraph -->\n<p>The objective of NaturFAB is to integrate the existing industrial market of the involved regions with <strong>new circular productive processes<\/strong>. It is intended to base these new productive processes on the harnessing of fibres and waste products from <strong>endogenous resources <\/strong>(agricultural, forestry and mining) within the cooperation area through the additive manufacturing (3D printing). These new products aim to drive the regional industrial transition towards more sustainable and competitive models, as well as stimulate economical sector in the rural areas.<\/p>\n<!-- \/wp:paragraph -->\n\n<!-- wp:paragraph -->\n<p>The significance of this project lies in the utilization of the regions\u2019 endogenous resources as a wheel to modernise the industry and stimulate the economy. The regions involved in the project have a strong identity linked to its own endogenous resources as they form the basis for the vast majority of economic activities in the area. Moreover, the project will <strong>enable businesses to enhance its knowledge regarding new ways of production<\/strong> such as additive manufacturing.<\/p>\n<!-- \/wp:paragraph -->\n\n<!-- wp:paragraph -->\n<p>For this purpose, the project comprises several actions with the following objectives:<\/p>\n<!-- \/wp:paragraph -->\n\n<!-- wp:list -->\n<ul><!-- wp:list-item -->\n<li>Study the <strong>potential to generate new materials<\/strong> based on fibres and waste from endogenous resources. To do this, the <strong>needs of the business<\/strong> from the cooperation area will be taken into account.<\/li>\n<!-- \/wp:list-item -->\n\n<!-- wp:list-item -->\n<li><strong>Develop new materials<\/strong> from the endogenous resources that are compatible with additive manufacturing.<\/li>\n<!-- \/wp:list-item -->\n\n<!-- wp:list-item -->\n<li><strong>Support businesses <\/strong>in the transformation of the industry, while enhancing their capacities in this new method of manufacturing.<\/li>\n<!-- \/wp:list-item -->\n\n<!-- wp:list-item -->\n<li><strong>Promote and share the project\u2019s results<\/strong>, involving the general public, the business sector as well as the academic sector.<\/li>\n<!-- \/wp:list-item --><\/ul>\n<!-- \/wp:list -->\n\n<!-- wp:paragraph -->\n<p><strong>Project code |<\/strong> 0049_NATUR_FAB_2_E<\/p>\n<!-- \/wp:paragraph -->\n\n<!-- wp:paragraph -->\n<p><strong>Programme | <\/strong>POCTEP - Cross-Border Cooperation Spain-Portugal<\/p>\n<!-- \/wp:paragraph -->\n\n<!-- wp:paragraph -->\n<p><strong>Priority |<\/strong> (P2) Promote cooperation to maximize the use of the territory's endogenous resources, advance key initiatives, and make progress in smart specialization.<\/p>\n<!-- \/wp:paragraph -->\n\n<!-- wp:paragraph -->\n<p><strong>Specific objective |<\/strong> Capacity building for smart specialisation, industrial transition and entrepreneurship.<\/p>\n<!-- \/wp:paragraph -->\n\n<!-- wp:paragraph -->\n<p><strong>Political objective |<\/strong> A&nbsp;more competitive&nbsp;and&nbsp;smarter Europe&nbsp;by&nbsp;promoting innovative&nbsp;and&nbsp;smart economic transformation&nbsp;and&nbsp;regional ICT connectivity.<\/p>\n<!-- \/wp:paragraph -->\n\n<!-- wp:paragraph -->\n<p><strong>Region |<\/strong> Northern Portugal - Castile and Leon<\/p>\n<!-- \/wp:paragraph -->\n\n<!-- wp:paragraph -->\n<p><strong>Starting date |<\/strong> 01\/09\/2023<\/p>\n<!-- \/wp:paragraph -->\n\n<!-- wp:paragraph -->\n<p><strong>Completion date |<\/strong> 31\/08\/2026<\/p>\n<!-- \/wp:paragraph -->\n\n<!-- wp:paragraph -->\n<p><strong>Budget | <\/strong>1.441.836,29 euros<\/p>\n<!-- \/wp:paragraph -->\n\n<!-- wp:paragraph -->\n<p><strong>Budget funded by ERDF |<\/strong> 1.081.377,22 euros<\/p>\n<!-- \/wp:paragraph -->\n\n<!-- wp:paragraph -->\n<p><strong>Partnership |<\/strong><\/p>\n<!-- \/wp:paragraph -->\n\n<!-- wp:list -->\n<ul><!-- wp:list-item -->\n<li><strong>Beneficiries:<\/strong><!-- wp:list -->\n<ul><!-- wp:list-item -->\n<li><a href=\"https:\/\/www.usal.es\/\" target=\"_blank\" rel=\"noreferrer noopener nofollow\">Universidad de Salamanca<\/a>&nbsp;(ES) \u2013&nbsp;<em>Beneficiario principal<\/em><\/li>\n<!-- \/wp:list-item -->\n\n<!-- wp:list-item -->\n<li><a href=\"https:\/\/portal3.ipb.pt\/index.php\/pt\/ipb\" target=\"_blank\" rel=\"noreferrer noopener nofollow\">Instituto Polit\u00e9cnico de Bragan\u00e7a<\/a>&nbsp;(PT)<\/li>\n<!-- \/wp:list-item -->\n\n<!-- wp:list-item -->\n<li><a href=\"https:\/\/www.unileon.es\/\" target=\"_blank\" rel=\"noreferrer noopener nofollow\">Universidad de Le\u00f3n<\/a>&nbsp;(ES)<\/li>\n<!-- \/wp:list-item -->\n\n<!-- wp:list-item -->\n<li><a href=\"https:\/\/www.diputacionavila.es\/\" target=\"_blank\" rel=\"noreferrer noopener nofollow\">Diputaci\u00f3n Provincial de \u00c1vila<\/a>&nbsp;(ES)<\/li>\n<!-- \/wp:list-item -->\n\n<!-- wp:list-item -->\n<li><a href=\"https:\/\/www.fuescyl.com\/\" target=\"_blank\" rel=\"noreferrer noopener nofollow\">Fundaci\u00f3n Universidades y Ense\u00f1anzas Superiores de Castilla y Le\u00f3n<\/a>&nbsp;\u2013 FUESCYL&nbsp;(Junta de Castilla y Le\u00f3n) (ES)<\/li>\n<!-- \/wp:list-item -->\n\n<!-- wp:list-item -->\n<li><a href=\"https:\/\/www.camarazamora.com\/\" target=\"_blank\" rel=\"noreferrer noopener nofollow\">C\u00e1mara Oficial de Comercio, Industria y Servicios de Zamora<\/a>&nbsp;(ES)<\/li>\n<!-- \/wp:list-item -->\n\n<!-- wp:list-item -->\n<li><a href=\"https:\/\/nerba.pt\/site\/\" target=\"_blank\" rel=\"noreferrer noopener nofollow\">NERBA \u2013 Associa\u00e7\u00e3o Empresarial do Distrito de Bragan\u00e7a<\/a>&nbsp;(PT)<\/li>\n<!-- \/wp:list-item -->\n\n<!-- wp:list-item -->\n<li><a href=\"https:\/\/www.brigantia-ecopark.pt\/\" target=\"_blank\" rel=\"noreferrer noopener nofollow\">Associa\u00e7\u00e3o para o Desenvolvimento do Brigantia Ecopark<\/a>&nbsp;(PT)<\/li>\n<!-- \/wp:list-item --><\/ul>\n<!-- \/wp:list --><\/li>\n<!-- \/wp:list-item -->\n\n<!-- wp:list-item -->\n<li><strong>Partners:<\/strong><!-- wp:list -->\n<ul><!-- wp:list-item -->\n<li><a href=\"https:\/\/www.diputaciondezamora.es\/opencms\/inicio\/\" target=\"_blank\" rel=\"noreferrer noopener nofollow\">Diputaci\u00f3n Provincial de Zamora<\/a>&nbsp;(ES)<\/li>\n<!-- \/wp:list-item -->\n\n<!-- wp:list-item -->\n<li><a href=\"https:\/\/www.cogitiza.org\/\" target=\"_blank\" rel=\"noreferrer noopener nofollow\">Colegio Oficial de Peritos e Ingenieros T\u00e9cnicos Industriales de Zamora<\/a>&nbsp;(ES)<\/li>\n<!-- \/wp:list-item -->\n\n<!-- wp:list-item -->\n<li><a href=\"https:\/\/nagami.design\/es\/\" target=\"_blank\" rel=\"noreferrer noopener nofollow\">Nagami Design, S.L.<\/a>&nbsp;(ES)<\/li>\n<!-- \/wp:list-item -->\n\n<!-- wp:list-item -->\n<li><a href=\"https:\/\/fundacioncerezalesantoninoycinia.org\/\" target=\"_blank\" rel=\"noreferrer noopener nofollow\">Fundaci\u00f3n Cerezales Antonino y Cinia<\/a>&nbsp;(ES)<\/li>\n<!-- \/wp:list-item -->\n\n<!-- wp:list-item -->\n<li><a href=\"https:\/\/www.cm-braganca.pt\/pages\/87\" target=\"_blank\" rel=\"noreferrer noopener nofollow\">Muni\u00e7\u00edpio de Bragan\u00e7a<\/a>&nbsp;(PT)<\/li>\n<!-- \/wp:list-item --><\/ul>\n<!-- \/wp:list --><\/li>\n<!-- \/wp:list-item --><\/ul>\n<!-- \/wp:list -->\n\n<!-- wp:paragraph -->\n<p><em>Anyone with knowledge of facts that could constitute fraud or irregularities related to projects or operations financed in whole or in part with funds from the European Union under this call may report such facts to the National Anti-Fraud Coordination Service of the General Intervention of the State Administration. This can be done electronically through the channel provided by the public administration at the following web address, in accordance with the terms established in Communication 1\/2017, dated April 6: <a href=\"http:\/\/www.igae.pap.hacienda.gob.es\/sitios\/igae\/es-ES\/snca\/Paginas\/ComunicacionSNCA.aspx\" target=\"_blank\" rel=\"noreferrer noopener nofollow\">http:\/\/www.igae.pap.hacienda.gob.es\/sitios\/igae\/es-ES\/snca\/Paginas\/ComunicacionSNCA.aspx<\/a><\/em><\/p>\n<!-- \/wp:paragraph -->","_monsterinsights_skip_tracking":false,"_monsterinsights_sitenote_active":false,"_monsterinsights_sitenote_note":"","_monsterinsights_sitenote_category":0,"footnotes":""},"class_list":["post-9911","page","type-page","status-publish","hentry"],"yoast_head":"<!-- This site is optimized with the Yoast SEO plugin v21.7 - https:\/\/yoast.com\/wordpress\/plugins\/seo\/ -->\n<title>NaturFAB - C\u00e1mara Oficial de Comercio, Industria y Servicios de Zamora<\/title>\n<meta name=\"robots\" content=\"index, follow, max-snippet:-1, max-image-preview:large, max-video-preview:-1\" \/>\n<link rel=\"canonical\" href=\"https:\/\/www.camarazamora.com\/en\/naturfab\" \/>\n<meta property=\"og:locale\" content=\"es_ES\" \/>\n<meta property=\"og:type\" content=\"article\" \/>\n<meta property=\"og:title\" content=\"NaturFAB - C\u00e1mara Oficial de Comercio, Industria y Servicios de Zamora\" \/>\n<meta property=\"og:description\" content=\"[et_pb_section admin_label=\u00bbsection\u00bb][et_pb_row admin_label=\u00bbrow\u00bb][et_pb_column type=\u00bb4_4&#8243;][et_pb_text admin_label=\u00bbText\u00bb] \u00a0 NaturFAB is a cross-border cooperation project between Spain and Portugal that aims to enhance intelligent specialization, industrial transition and entrepreneurship through new materials. This European project has been approved within the framework of the 3rd call of the of the POCTEP 21-27 programme. The objective of NaturFAB is to [&hellip;]\" \/>\n<meta property=\"og:url\" content=\"https:\/\/www.camarazamora.com\/en\/naturfab\" \/>\n<meta property=\"og:site_name\" content=\"C\u00e1mara Oficial de Comercio, Industria y Servicios de Zamora\" \/>\n<meta property=\"article:publisher\" content=\"https:\/\/www.facebook.com\/camarazamora\/\" \/>\n<meta property=\"article:modified_time\" content=\"2024-03-26T11:04:12+00:00\" \/>\n<meta property=\"og:image\" content=\"https:\/\/www.camarazamora.com\/en\/wp-content\/uploads\/logo-naturfab.png\" \/>\n<meta name=\"twitter:card\" content=\"summary_large_image\" \/>\n<meta name=\"twitter:site\" content=\"@camaradezamora\" \/>\n<meta name=\"twitter:label1\" content=\"Tiempo de lectura\" \/>\n\t<meta name=\"twitter:data1\" content=\"3 minutos\" \/>\n<script type=\"application\/ld+json\" class=\"yoast-schema-graph\">{\"@context\":\"https:\/\/schema.org\",\"@graph\":[{\"@type\":\"WebPage\",\"@id\":\"https:\/\/www.camarazamora.com\/en\/naturfab\",\"url\":\"https:\/\/www.camarazamora.com\/en\/naturfab\",\"name\":\"NaturFAB - C\u00e1mara Oficial de Comercio, Industria y Servicios de Zamora\",\"isPartOf\":{\"@id\":\"https:\/\/www.camarazamora.com\/en\/#website\"},\"datePublished\":\"2024-01-09T12:48:33+00:00\",\"dateModified\":\"2024-03-26T11:04:12+00:00\",\"breadcrumb\":{\"@id\":\"https:\/\/www.camarazamora.com\/en\/naturfab#breadcrumb\"},\"inLanguage\":\"es\",\"potentialAction\":[{\"@type\":\"ReadAction\",\"target\":[\"https:\/\/www.camarazamora.com\/en\/naturfab\"]}]},{\"@type\":\"BreadcrumbList\",\"@id\":\"https:\/\/www.camarazamora.com\/en\/naturfab#breadcrumb\",\"itemListElement\":[{\"@type\":\"ListItem\",\"position\":1,\"name\":\"Portada\",\"item\":\"https:\/\/www.camarazamora.com\/en\/\"},{\"@type\":\"ListItem\",\"position\":2,\"name\":\"NaturFAB\"}]},{\"@type\":\"WebSite\",\"@id\":\"https:\/\/www.camarazamora.com\/en\/#website\",\"url\":\"https:\/\/www.camarazamora.com\/en\/\",\"name\":\"Chamber of Commerce, Industry and Services of Zamora\",\"description\":\"\",\"publisher\":{\"@id\":\"https:\/\/www.camarazamora.com\/en\/#organization\"},\"potentialAction\":[{\"@type\":\"SearchAction\",\"target\":{\"@type\":\"EntryPoint\",\"urlTemplate\":\"https:\/\/www.camarazamora.com\/en\/?s={search_term_string}\"},\"query-input\":\"required name=search_term_string\"}],\"inLanguage\":\"es\"},{\"@type\":\"Organization\",\"@id\":\"https:\/\/www.camarazamora.com\/en\/#organization\",\"name\":\"C\u00e1mara de Comercio de Zamora\",\"url\":\"https:\/\/www.camarazamora.com\/en\/\",\"logo\":{\"@type\":\"ImageObject\",\"inLanguage\":\"es\",\"@id\":\"https:\/\/www.camarazamora.com\/en\/#\/schema\/logo\/image\/\",\"url\":\"https:\/\/www.camarazamora.com\/en\/wp-content\/uploads\/IMG_728944_G.jpg\",\"contentUrl\":\"https:\/\/www.camarazamora.com\/en\/wp-content\/uploads\/IMG_728944_G.jpg\",\"width\":350,\"height\":250,\"caption\":\"C\u00e1mara de Comercio de Zamora\"},\"image\":{\"@id\":\"https:\/\/www.camarazamora.com\/en\/#\/schema\/logo\/image\/\"},\"sameAs\":[\"https:\/\/www.facebook.com\/camarazamora\/\",\"https:\/\/twitter.com\/camaradezamora\",\"https:\/\/www.instagram.com\/camarazamora\/\",\"https:\/\/www.linkedin.com\/company\/camara-de-comercio-e-industria-de-zamora\",\"https:\/\/www.pinterest.es\/camarazamora\/\",\"https:\/\/www.youtube.com\/camarazamora\",\"https:\/\/es.wikipedia.org\/wiki\/C\u00e1mara_Oficial_de_Comercio_e_Industria_de_Zamora\"]}]}<\/script>\n<!-- \/ Yoast SEO plugin. -->","yoast_head_json":{"title":"NaturFAB - C\u00e1mara Oficial de Comercio, Industria y Servicios de Zamora","robots":{"index":"index","follow":"follow","max-snippet":"max-snippet:-1","max-image-preview":"max-image-preview:large","max-video-preview":"max-video-preview:-1"},"canonical":"https:\/\/www.camarazamora.com\/en\/naturfab","og_locale":"es_ES","og_type":"article","og_title":"NaturFAB - C\u00e1mara Oficial de Comercio, Industria y Servicios de Zamora","og_description":"[et_pb_section admin_label=\u00bbsection\u00bb][et_pb_row admin_label=\u00bbrow\u00bb][et_pb_column type=\u00bb4_4&#8243;][et_pb_text admin_label=\u00bbText\u00bb] \u00a0 NaturFAB is a cross-border cooperation project between Spain and Portugal that aims to enhance intelligent specialization, industrial transition and entrepreneurship through new materials. This European project has been approved within the framework of the 3rd call of the of the POCTEP 21-27 programme. The objective of NaturFAB is to [&hellip;]","og_url":"https:\/\/www.camarazamora.com\/en\/naturfab","og_site_name":"C\u00e1mara Oficial de Comercio, Industria y Servicios de Zamora","article_publisher":"https:\/\/www.facebook.com\/camarazamora\/","article_modified_time":"2024-03-26T11:04:12+00:00","og_image":[{"url":"https:\/\/www.camarazamora.com\/en\/wp-content\/uploads\/logo-naturfab.png"}],"twitter_card":"summary_large_image","twitter_site":"@camaradezamora","twitter_misc":{"Tiempo de lectura":"3 minutos"},"schema":{"@context":"https:\/\/schema.org","@graph":[{"@type":"WebPage","@id":"https:\/\/www.camarazamora.com\/en\/naturfab","url":"https:\/\/www.camarazamora.com\/en\/naturfab","name":"NaturFAB - C\u00e1mara Oficial de Comercio, Industria y Servicios de Zamora","isPartOf":{"@id":"https:\/\/www.camarazamora.com\/en\/#website"},"datePublished":"2024-01-09T12:48:33+00:00","dateModified":"2024-03-26T11:04:12+00:00","breadcrumb":{"@id":"https:\/\/www.camarazamora.com\/en\/naturfab#breadcrumb"},"inLanguage":"es","potentialAction":[{"@type":"ReadAction","target":["https:\/\/www.camarazamora.com\/en\/naturfab"]}]},{"@type":"BreadcrumbList","@id":"https:\/\/www.camarazamora.com\/en\/naturfab#breadcrumb","itemListElement":[{"@type":"ListItem","position":1,"name":"Portada","item":"https:\/\/www.camarazamora.com\/en\/"},{"@type":"ListItem","position":2,"name":"NaturFAB"}]},{"@type":"WebSite","@id":"https:\/\/www.camarazamora.com\/en\/#website","url":"https:\/\/www.camarazamora.com\/en\/","name":"Chamber of Commerce, Industry and Services of Zamora","description":"","publisher":{"@id":"https:\/\/www.camarazamora.com\/en\/#organization"},"potentialAction":[{"@type":"SearchAction","target":{"@type":"EntryPoint","urlTemplate":"https:\/\/www.camarazamora.com\/en\/?s={search_term_string}"},"query-input":"required name=search_term_string"}],"inLanguage":"es"},{"@type":"Organization","@id":"https:\/\/www.camarazamora.com\/en\/#organization","name":"C\u00e1mara de Comercio de Zamora","url":"https:\/\/www.camarazamora.com\/en\/","logo":{"@type":"ImageObject","inLanguage":"es","@id":"https:\/\/www.camarazamora.com\/en\/#\/schema\/logo\/image\/","url":"https:\/\/www.camarazamora.com\/en\/wp-content\/uploads\/IMG_728944_G.jpg","contentUrl":"https:\/\/www.camarazamora.com\/en\/wp-content\/uploads\/IMG_728944_G.jpg","width":350,"height":250,"caption":"C\u00e1mara de Comercio de Zamora"},"image":{"@id":"https:\/\/www.camarazamora.com\/en\/#\/schema\/logo\/image\/"},"sameAs":["https:\/\/www.facebook.com\/camarazamora\/","https:\/\/twitter.com\/camaradezamora","https:\/\/www.instagram.com\/camarazamora\/","https:\/\/www.linkedin.com\/company\/camara-de-comercio-e-industria-de-zamora","https:\/\/www.pinterest.es\/camarazamora\/","https:\/\/www.youtube.com\/camarazamora","https:\/\/es.wikipedia.org\/wiki\/C\u00e1mara_Oficial_de_Comercio_e_Industria_de_Zamora"]}]}},"_links":{"self":[{"href":"https:\/\/www.camarazamora.com\/en\/wp-json\/wp\/v2\/pages\/9911","targetHints":{"allow":["GET"]}}],"collection":[{"href":"https:\/\/www.camarazamora.com\/en\/wp-json\/wp\/v2\/pages"}],"about":[{"href":"https:\/\/www.camarazamora.com\/en\/wp-json\/wp\/v2\/types\/page"}],"author":[{"embeddable":true,"href":"https:\/\/www.camarazamora.com\/en\/wp-json\/wp\/v2\/users\/5"}],"replies":[{"embeddable":true,"href":"https:\/\/www.camarazamora.com\/en\/wp-json\/wp\/v2\/comments?post=9911"}],"version-history":[{"count":12,"href":"https:\/\/www.camarazamora.com\/en\/wp-json\/wp\/v2\/pages\/9911\/revisions"}],"predecessor-version":[{"id":10024,"href":"https:\/\/www.camarazamora.com\/en\/wp-json\/wp\/v2\/pages\/9911\/revisions\/10024"}],"wp:attachment":[{"href":"https:\/\/www.camarazamora.com\/en\/wp-json\/wp\/v2\/media?parent=9911"}],"curies":[{"name":"wp","href":"https:\/\/api.w.org\/{rel}","templated":true}]}}