{"id":9915,"date":"2024-01-09T11:33:34","date_gmt":"2024-01-09T11:33:34","guid":{"rendered":"https:\/\/www.camarazamora.com\/en\/?page_id=9915"},"modified":"2024-03-26T11:06:54","modified_gmt":"2024-03-26T11:06:54","slug":"agrohub","status":"publish","type":"page","link":"https:\/\/www.camarazamora.com\/en\/agrohub","title":{"rendered":"AgroHub"},"content":{"rendered":"<p>[et_pb_section admin_label=\u00bbsection\u00bb]<br \/>[et_pb_row admin_label=\u00bbrow\u00bb]<br \/>[et_pb_column type=\u00bb4_4&#8243;][et_pb_text admin_label=\u00bbText\u00bb]<\/p>\n\n\n<figure class=\"wp-block-image size-large is-resized\"><img loading=\"lazy\" decoding=\"async\" width=\"1024\" height=\"168\" src=\"https:\/\/www.camarazamora.com\/en\/wp-content\/uploads\/Agro_Hub_Interreg_1-1024x168.jpg\" alt=\"\" class=\"wp-image-10025\" style=\"width:655px;height:auto\" srcset=\"https:\/\/www.camarazamora.com\/en\/wp-content\/uploads\/Agro_Hub_Interreg_1-1024x168.jpg 1024w, https:\/\/www.camarazamora.com\/en\/wp-content\/uploads\/Agro_Hub_Interreg_1-300x49.jpg 300w, https:\/\/www.camarazamora.com\/en\/wp-content\/uploads\/Agro_Hub_Interreg_1-768x126.jpg 768w, https:\/\/www.camarazamora.com\/en\/wp-content\/uploads\/Agro_Hub_Interreg_1-1536x253.jpg 1536w, https:\/\/www.camarazamora.com\/en\/wp-content\/uploads\/Agro_Hub_Interreg_1-2048x337.jpg 2048w, https:\/\/www.camarazamora.com\/en\/wp-content\/uploads\/Agro_Hub_Interreg_1-1080x178.jpg 1080w\" sizes=\"auto, (max-width: 1024px) 100vw, 1024px\" \/><\/figure>\n\n\n\n<p><strong>AgroHub<\/strong> is a cross-border cooperation project between the Northern Portugal and Castile and Leon (ES). The objective of this project is to <strong>boost the entrepreneurship ecosystem linked to local agricultural production<\/strong>, with the aim of optimizing the use of endogenous resources in the cooperation area. This European project falls within the <strong>3rd call of the <a href=\"https:\/\/www.poctep.eu\/en\/\" target=\"_blank\" rel=\"noreferrer noopener nofollow\">POCTEP 2021-2027 programme<\/a><\/strong>.<\/p>\n\n\n\n<p>In the territory involved in the cooperation, the <strong>food sector<\/strong> is a key area in the productive structure, serving as a hallmark of the regions. However, this sector, mainly composed by micro-SMEs and SMEs, currently faces the challenge of coping with a globalized economy. Therefore, the project aims to <strong>create an <em>AgroHub Community<\/em><\/strong>, encouraging the participation of all stakeholders in innovation (producers and companies; public administrations; civil society; and universities). This approach allows all actors to collaborate in enhancing the competitiveness of agri-food sector products, generating value for society as a whole.<\/p>\n\n\n\n<p>For this purpose, the project comprises several actions with the following objectives:<\/p>\n\n\n\n<ul class=\"wp-block-list\">\n<li><strong>Identify and categorise the existing traditional agricultural systems<\/strong> to discover their challenges, problems and needs.<\/li>\n\n\n\n<li><strong>Strengthen the entrepreneurship system<\/strong> by training entrepreneurs and other actors involved in the entrepreneurial process.<\/li>\n\n\n\n<li><strong>Strengthen relations among stakeholders<\/strong> operating in the primary sector by developing an open social innovation strategy. &nbsp;<\/li>\n\n\n\n<li><strong>Ensure positive outcomes<\/strong> from this strategy as well as the <strong>involvement of the highest number of actors<\/strong> possible.<\/li>\n\n\n\n<li><strong>Promote and share the project\u00b4s results<\/strong> both internally and externally.<\/li>\n<\/ul>\n\n\n\n<p><strong>Project code |<\/strong> 0117_AGROHUB_HUB_2_E_V2<\/p>\n\n\n\n<p><strong>Programme | <\/strong>POCTEP &#8211; Cross-Border Cooperation Spain-Portugal<\/p>\n\n\n\n<p><strong>Priority |<\/strong> (P2) Promote cooperation to maximize the use of the territory&#8217;s endogenous resources, advance key initiatives, and make progress in smart specialization.<\/p>\n\n\n\n<p><strong>Specific objective |<\/strong> Capacity building for smart specialisation, industrial transition and entrepreneurship.<\/p>\n\n\n\n<p><strong>Political objective |<\/strong> A&nbsp;more competitive&nbsp;and&nbsp;smarter Europe&nbsp;by&nbsp;promoting innovative&nbsp;and&nbsp;smart economic transformation&nbsp;and&nbsp;regional ICT connectivity.<\/p>\n\n\n\n<p><strong>Region |<\/strong> Northern Portugal &#8211; Castile and Leon<\/p>\n\n\n\n<p><strong>Starting date | <\/strong>01\/09\/2022<\/p>\n\n\n\n<p><strong>Completion date |<\/strong> 31\/12\/2026<\/p>\n\n\n\n<p><strong>Budget | <\/strong>1.331.819,31 euros<\/p>\n\n\n\n<p><strong>Budget funded by ERDF | <\/strong>998.864,482 euros<\/p>\n\n\n\n<p><strong>Partnership (beneficiary) |<\/strong><\/p>\n\n\n\n<ul class=\"wp-block-list\">\n<li><a href=\"https:\/\/aimrd.es\/\" target=\"_blank\" rel=\"noreferrer noopener nofollow\">Asociaci\u00f3n Ib\u00e9rica de Municipios Ribere\u00f1os del Duero<\/a>&nbsp;(ES) \u2013&nbsp;<em>Primary beneficiary<\/em><\/li>\n\n\n\n<li><a href=\"https:\/\/www.jcyl.es\/web\/jcyl\/Portada\/es\/Plantilla100Directorio\/1248366924958\/1279887997704\/1284182461105\/DirectorioPadre\" target=\"_blank\" rel=\"noreferrer noopener nofollow\">Direcci\u00f3n General de Patrimonio Cultural de la Junta de Castilla y Le\u00f3n<\/a>&nbsp;(ES)<\/li>\n\n\n\n<li><a href=\"https:\/\/www.uva.es\/export\/sites\/uva\/\" target=\"_blank\" rel=\"noreferrer noopener nofollow\">Universidad de Valladolid<\/a>&nbsp;(ES)<\/li>\n\n\n\n<li><a href=\"https:\/\/www.camarazamora.com\/\" target=\"_blank\" rel=\"noreferrer noopener\">C\u00e1mara Oficial de Comercio, Industria y Servicios de Zamora<\/a>&nbsp;(ES)<\/li>\n\n\n\n<li><a href=\"https:\/\/ipv.pt\/\" target=\"_blank\" rel=\"noreferrer noopener nofollow\">Instituto Polit\u00e9cnico de Viseu<\/a>&nbsp;(PT)<\/li>\n\n\n\n<li><a href=\"https:\/\/www.cim-ttm.pt\/\" target=\"_blank\" rel=\"noreferrer noopener nofollow\">Comunidade Intermunicipal das Terras de Tr\u00e1s-os-Montes<\/a>&nbsp;(PT)<\/li>\n<\/ul>\n\n\n\n<p><em>Any person who has knowledge of facts that could be constitutive of fraud or irregularity in relation to projects or operations financed totally or partially with funds from the European Union within the framework of this call may bring said facts to the knowledge of the National Coordination Service. Anti-fraud of the General Intervention of the State Administration, by digital means through the channel enabled for this purpose by said Service at the web address indicated below and, in the terms, established in Communication 1\/2017, of April 6, of the aforementioned Service: <a href=\"http:\/\/www.igae.pap.hacienda.gob.es\/sitios\/igae\/es-ES\/snca\/Paginas\/ComunicacionSNCA.aspx\" target=\"_blank\" rel=\"noreferrer noopener nofollow\">http:\/\/www.igae.pap.hacienda.gob.es\/sitios\/igae\/es-ES\/snca\/Paginas\/ComunicacionSNCA.aspx<\/a><\/em><\/p>\n\n\n<p>[\/et_pb_text][\/et_pb_column]<br \/>\n\t\t[\/et_pb_row]<br \/>\n\t[\/et_pb_section]<\/p>","protected":false},"excerpt":{"rendered":"<p>[et_pb_section admin_label=\u00bbsection\u00bb][et_pb_row admin_label=\u00bbrow\u00bb][et_pb_column type=\u00bb4_4&#8243;][et_pb_text admin_label=\u00bbText\u00bb] AgroHub is a cross-border cooperation project between the Northern Portugal and Castile and Leon (ES). The objective of this project is to boost the entrepreneurship ecosystem linked to local agricultural production, with the aim of optimizing the use of endogenous resources in the cooperation area. This European project falls within [&hellip;]<\/p>\n","protected":false},"author":5,"featured_media":0,"parent":0,"menu_order":0,"comment_status":"closed","ping_status":"closed","template":"","meta":{"_et_pb_use_builder":"on","_et_pb_old_content":"<!-- wp:paragraph -->\n<p><strong>AgroHub<\/strong> is a cross-border cooperation project between the Northern Portugal and Castile and Leon (ES). The objective of this project is to <strong>boost the entrepreneurship ecosystem linked to local agricultural production<\/strong>, with the aim of optimizing the use of endogenous resources in the cooperation area. This European project falls within the <strong>3rd call of the <a href=\"https:\/\/www.poctep.eu\/en\/\" target=\"_blank\" rel=\"noreferrer noopener nofollow\">POCTEP 2021-2027 programme<\/a><\/strong>.<\/p>\n<!-- \/wp:paragraph -->\n\n<!-- wp:paragraph -->\n<p>In the territory involved in the cooperation, the <strong>food sector<\/strong> is a key area in the productive structure, serving as a hallmark of the regions. However, this sector, mainly composed by micro-SMEs and SMEs, currently faces the challenge of coping with a globalized economy. Therefore, the project aims to <strong>create an <em>AgroHub Community<\/em><\/strong>, encouraging the participation of all stakeholders in innovation (producers and companies; public administrations; civil society; and universities). This approach allows all actors to collaborate in enhancing the competitiveness of agri-food sector products, generating value for society as a whole.<\/p>\n<!-- \/wp:paragraph -->\n\n<!-- wp:paragraph -->\n<p>For this purpose, the project comprises several actions with the following objectives:<\/p>\n<!-- \/wp:paragraph -->\n\n<!-- wp:list -->\n<ul><!-- wp:list-item -->\n<li><strong>Identify and categorise the existing traditional agricultural systems<\/strong> to discover their challenges, problems and needs.<\/li>\n<!-- \/wp:list-item -->\n\n<!-- wp:list-item -->\n<li><strong>Strengthen the entrepreneurship system<\/strong> by training entrepreneurs and other actors involved in the entrepreneurial process.<\/li>\n<!-- \/wp:list-item -->\n\n<!-- wp:list-item -->\n<li><strong>Strengthen relations among stakeholders<\/strong> operating in the primary sector by developing an open social innovation strategy. &nbsp;<\/li>\n<!-- \/wp:list-item -->\n\n<!-- wp:list-item -->\n<li><strong>Ensure positive outcomes<\/strong> from this strategy as well as the <strong>involvement of the highest number of actors<\/strong> possible.<\/li>\n<!-- \/wp:list-item -->\n\n<!-- wp:list-item -->\n<li><strong>Promote and share the project\u00b4s results<\/strong> both internally and externally.<\/li>\n<!-- \/wp:list-item --><\/ul>\n<!-- \/wp:list -->\n\n<!-- wp:paragraph -->\n<p><strong>Project code |<\/strong> 0117_AGROHUB_HUB_2_E_V2<\/p>\n<!-- \/wp:paragraph -->\n\n<!-- wp:paragraph -->\n<p><strong>Programme | <\/strong>POCTEP - Cross-Border Cooperation Spain-Portugal<\/p>\n<!-- \/wp:paragraph -->\n\n<!-- wp:paragraph -->\n<p><strong>Priority |<\/strong> (P2) Promote cooperation to maximize the use of the territory's endogenous resources, advance key initiatives, and make progress in smart specialization.<\/p>\n<!-- \/wp:paragraph -->\n\n<!-- wp:paragraph -->\n<p><strong>Specific objective |<\/strong> Capacity building for smart specialisation, industrial transition and entrepreneurship.<\/p>\n<!-- \/wp:paragraph -->\n\n<!-- wp:paragraph -->\n<p><strong>Political objective |<\/strong> A\u00a0more competitive\u00a0and\u00a0smarter Europe\u00a0by\u00a0promoting innovative\u00a0and\u00a0smart economic transformation\u00a0and\u00a0regional ICT connectivity.<\/p>\n<!-- \/wp:paragraph -->\n\n<!-- wp:paragraph -->\n<p><strong>Region |<\/strong> Northern Portugal - Castile and Leon<\/p>\n<!-- \/wp:paragraph -->\n\n<!-- wp:paragraph -->\n<p><strong>Starting date | <\/strong>01\/09\/2022<\/p>\n<!-- \/wp:paragraph -->\n\n<!-- wp:paragraph -->\n<p><strong>Completion date |<\/strong> 31\/12\/2026<\/p>\n<!-- \/wp:paragraph -->\n\n<!-- wp:paragraph -->\n<p><strong>Budget | <\/strong>1.331.819,31 euros<\/p>\n<!-- \/wp:paragraph -->\n\n<!-- wp:paragraph -->\n<p><strong>Budget funded by ERDF | <\/strong>998.864,482 euros<\/p>\n<!-- \/wp:paragraph -->\n\n<!-- wp:paragraph -->\n<p><strong>Partnership (beneficiary) |<\/strong><\/p>\n<!-- \/wp:paragraph -->\n\n<!-- wp:list -->\n<ul><!-- wp:list-item -->\n<li><a href=\"https:\/\/aimrd.es\/\" target=\"_blank\" rel=\"noreferrer noopener nofollow\">Asociaci\u00f3n Ib\u00e9rica de Municipios Ribere\u00f1os del Duero<\/a>&nbsp;(ES) \u2013&nbsp;<em>Primary beneficiary<\/em><\/li>\n<!-- \/wp:list-item -->\n\n<!-- wp:list-item -->\n<li><a href=\"https:\/\/www.jcyl.es\/web\/jcyl\/Portada\/es\/Plantilla100Directorio\/1248366924958\/1279887997704\/1284182461105\/DirectorioPadre\" target=\"_blank\" rel=\"noreferrer noopener nofollow\">Direcci\u00f3n General de Patrimonio Cultural de la Junta de Castilla y Le\u00f3n<\/a>&nbsp;(ES)<\/li>\n<!-- \/wp:list-item -->\n\n<!-- wp:list-item -->\n<li><a href=\"https:\/\/www.uva.es\/export\/sites\/uva\/\" target=\"_blank\" rel=\"noreferrer noopener nofollow\">Universidad de Valladolid<\/a>&nbsp;(ES)<\/li>\n<!-- \/wp:list-item -->\n\n<!-- wp:list-item -->\n<li><a href=\"https:\/\/www.camarazamora.com\/\" target=\"_blank\" rel=\"noreferrer noopener\">C\u00e1mara Oficial de Comercio, Industria y Servicios de Zamora<\/a>&nbsp;(ES)<\/li>\n<!-- \/wp:list-item -->\n\n<!-- wp:list-item -->\n<li><a href=\"https:\/\/ipv.pt\/\" target=\"_blank\" rel=\"noreferrer noopener nofollow\">Instituto Polit\u00e9cnico de Viseu<\/a>&nbsp;(PT)<\/li>\n<!-- \/wp:list-item -->\n\n<!-- wp:list-item -->\n<li><a href=\"https:\/\/www.cim-ttm.pt\/\" target=\"_blank\" rel=\"noreferrer noopener nofollow\">Comunidade Intermunicipal das Terras de Tr\u00e1s-os-Montes<\/a>&nbsp;(PT)<\/li>\n<!-- \/wp:list-item --><\/ul>\n<!-- \/wp:list -->\n\n<!-- wp:paragraph -->\n<p><em>Any person who has knowledge of facts that could be constitutive of fraud or irregularity in relation to projects or operations financed totally or partially with funds from the European Union within the framework of this call may bring said facts to the knowledge of the National Coordination Service. Anti-fraud of the General Intervention of the State Administration, by digital means through the channel enabled for this purpose by said Service at the web address indicated below and, in the terms, established in Communication 1\/2017, of April 6, of the aforementioned Service: <a href=\"http:\/\/www.igae.pap.hacienda.gob.es\/sitios\/igae\/es-ES\/snca\/Paginas\/ComunicacionSNCA.aspx\" target=\"_blank\" rel=\"noreferrer noopener nofollow\">http:\/\/www.igae.pap.hacienda.gob.es\/sitios\/igae\/es-ES\/snca\/Paginas\/ComunicacionSNCA.aspx<\/a><\/em><\/p>\n<!-- \/wp:paragraph -->","_monsterinsights_skip_tracking":false,"_monsterinsights_sitenote_active":false,"_monsterinsights_sitenote_note":"","_monsterinsights_sitenote_category":0,"footnotes":""},"class_list":["post-9915","page","type-page","status-publish","hentry"],"yoast_head":"<!-- This site is optimized with the Yoast SEO plugin v21.7 - https:\/\/yoast.com\/wordpress\/plugins\/seo\/ -->\n<title>AgroHub - C\u00e1mara Oficial de Comercio, Industria y Servicios de Zamora<\/title>\n<meta name=\"robots\" content=\"index, follow, max-snippet:-1, max-image-preview:large, max-video-preview:-1\" \/>\n<link rel=\"canonical\" href=\"https:\/\/www.camarazamora.com\/en\/agrohub\" \/>\n<meta property=\"og:locale\" content=\"es_ES\" \/>\n<meta property=\"og:type\" content=\"article\" \/>\n<meta property=\"og:title\" content=\"AgroHub - C\u00e1mara Oficial de Comercio, Industria y Servicios de Zamora\" \/>\n<meta property=\"og:description\" content=\"[et_pb_section admin_label=\u00bbsection\u00bb][et_pb_row admin_label=\u00bbrow\u00bb][et_pb_column type=\u00bb4_4&#8243;][et_pb_text admin_label=\u00bbText\u00bb] AgroHub is a cross-border cooperation project between the Northern Portugal and Castile and Leon (ES). The objective of this project is to boost the entrepreneurship ecosystem linked to local agricultural production, with the aim of optimizing the use of endogenous resources in the cooperation area. This European project falls within [&hellip;]\" \/>\n<meta property=\"og:url\" content=\"https:\/\/www.camarazamora.com\/en\/agrohub\" \/>\n<meta property=\"og:site_name\" content=\"C\u00e1mara Oficial de Comercio, Industria y Servicios de Zamora\" \/>\n<meta property=\"article:publisher\" content=\"https:\/\/www.facebook.com\/camarazamora\/\" \/>\n<meta property=\"article:modified_time\" content=\"2024-03-26T11:06:54+00:00\" \/>\n<meta property=\"og:image\" content=\"https:\/\/www.camarazamora.com\/en\/wp-content\/uploads\/Agro_Hub_Interreg_1-1024x168.jpg\" \/>\n<meta name=\"twitter:card\" content=\"summary_large_image\" \/>\n<meta name=\"twitter:site\" content=\"@camaradezamora\" \/>\n<meta name=\"twitter:label1\" content=\"Tiempo de lectura\" \/>\n\t<meta name=\"twitter:data1\" content=\"3 minutos\" \/>\n<script type=\"application\/ld+json\" class=\"yoast-schema-graph\">{\"@context\":\"https:\/\/schema.org\",\"@graph\":[{\"@type\":\"WebPage\",\"@id\":\"https:\/\/www.camarazamora.com\/en\/agrohub\",\"url\":\"https:\/\/www.camarazamora.com\/en\/agrohub\",\"name\":\"AgroHub - C\u00e1mara Oficial de Comercio, Industria y Servicios de Zamora\",\"isPartOf\":{\"@id\":\"https:\/\/www.camarazamora.com\/en\/#website\"},\"datePublished\":\"2024-01-09T11:33:34+00:00\",\"dateModified\":\"2024-03-26T11:06:54+00:00\",\"breadcrumb\":{\"@id\":\"https:\/\/www.camarazamora.com\/en\/agrohub#breadcrumb\"},\"inLanguage\":\"es\",\"potentialAction\":[{\"@type\":\"ReadAction\",\"target\":[\"https:\/\/www.camarazamora.com\/en\/agrohub\"]}]},{\"@type\":\"BreadcrumbList\",\"@id\":\"https:\/\/www.camarazamora.com\/en\/agrohub#breadcrumb\",\"itemListElement\":[{\"@type\":\"ListItem\",\"position\":1,\"name\":\"Portada\",\"item\":\"https:\/\/www.camarazamora.com\/en\/\"},{\"@type\":\"ListItem\",\"position\":2,\"name\":\"AgroHub\"}]},{\"@type\":\"WebSite\",\"@id\":\"https:\/\/www.camarazamora.com\/en\/#website\",\"url\":\"https:\/\/www.camarazamora.com\/en\/\",\"name\":\"Chamber of Commerce, Industry and Services of Zamora\",\"description\":\"\",\"publisher\":{\"@id\":\"https:\/\/www.camarazamora.com\/en\/#organization\"},\"potentialAction\":[{\"@type\":\"SearchAction\",\"target\":{\"@type\":\"EntryPoint\",\"urlTemplate\":\"https:\/\/www.camarazamora.com\/en\/?s={search_term_string}\"},\"query-input\":\"required name=search_term_string\"}],\"inLanguage\":\"es\"},{\"@type\":\"Organization\",\"@id\":\"https:\/\/www.camarazamora.com\/en\/#organization\",\"name\":\"C\u00e1mara de Comercio de Zamora\",\"url\":\"https:\/\/www.camarazamora.com\/en\/\",\"logo\":{\"@type\":\"ImageObject\",\"inLanguage\":\"es\",\"@id\":\"https:\/\/www.camarazamora.com\/en\/#\/schema\/logo\/image\/\",\"url\":\"https:\/\/www.camarazamora.com\/en\/wp-content\/uploads\/IMG_728944_G.jpg\",\"contentUrl\":\"https:\/\/www.camarazamora.com\/en\/wp-content\/uploads\/IMG_728944_G.jpg\",\"width\":350,\"height\":250,\"caption\":\"C\u00e1mara de Comercio de Zamora\"},\"image\":{\"@id\":\"https:\/\/www.camarazamora.com\/en\/#\/schema\/logo\/image\/\"},\"sameAs\":[\"https:\/\/www.facebook.com\/camarazamora\/\",\"https:\/\/twitter.com\/camaradezamora\",\"https:\/\/www.instagram.com\/camarazamora\/\",\"https:\/\/www.linkedin.com\/company\/camara-de-comercio-e-industria-de-zamora\",\"https:\/\/www.pinterest.es\/camarazamora\/\",\"https:\/\/www.youtube.com\/camarazamora\",\"https:\/\/es.wikipedia.org\/wiki\/C\u00e1mara_Oficial_de_Comercio_e_Industria_de_Zamora\"]}]}<\/script>\n<!-- \/ Yoast SEO plugin. -->","yoast_head_json":{"title":"AgroHub - C\u00e1mara Oficial de Comercio, Industria y Servicios de Zamora","robots":{"index":"index","follow":"follow","max-snippet":"max-snippet:-1","max-image-preview":"max-image-preview:large","max-video-preview":"max-video-preview:-1"},"canonical":"https:\/\/www.camarazamora.com\/en\/agrohub","og_locale":"es_ES","og_type":"article","og_title":"AgroHub - C\u00e1mara Oficial de Comercio, Industria y Servicios de Zamora","og_description":"[et_pb_section admin_label=\u00bbsection\u00bb][et_pb_row admin_label=\u00bbrow\u00bb][et_pb_column type=\u00bb4_4&#8243;][et_pb_text admin_label=\u00bbText\u00bb] AgroHub is a cross-border cooperation project between the Northern Portugal and Castile and Leon (ES). The objective of this project is to boost the entrepreneurship ecosystem linked to local agricultural production, with the aim of optimizing the use of endogenous resources in the cooperation area. This European project falls within [&hellip;]","og_url":"https:\/\/www.camarazamora.com\/en\/agrohub","og_site_name":"C\u00e1mara Oficial de Comercio, Industria y Servicios de Zamora","article_publisher":"https:\/\/www.facebook.com\/camarazamora\/","article_modified_time":"2024-03-26T11:06:54+00:00","og_image":[{"url":"https:\/\/www.camarazamora.com\/en\/wp-content\/uploads\/Agro_Hub_Interreg_1-1024x168.jpg"}],"twitter_card":"summary_large_image","twitter_site":"@camaradezamora","twitter_misc":{"Tiempo de lectura":"3 minutos"},"schema":{"@context":"https:\/\/schema.org","@graph":[{"@type":"WebPage","@id":"https:\/\/www.camarazamora.com\/en\/agrohub","url":"https:\/\/www.camarazamora.com\/en\/agrohub","name":"AgroHub - C\u00e1mara Oficial de Comercio, Industria y Servicios de Zamora","isPartOf":{"@id":"https:\/\/www.camarazamora.com\/en\/#website"},"datePublished":"2024-01-09T11:33:34+00:00","dateModified":"2024-03-26T11:06:54+00:00","breadcrumb":{"@id":"https:\/\/www.camarazamora.com\/en\/agrohub#breadcrumb"},"inLanguage":"es","potentialAction":[{"@type":"ReadAction","target":["https:\/\/www.camarazamora.com\/en\/agrohub"]}]},{"@type":"BreadcrumbList","@id":"https:\/\/www.camarazamora.com\/en\/agrohub#breadcrumb","itemListElement":[{"@type":"ListItem","position":1,"name":"Portada","item":"https:\/\/www.camarazamora.com\/en\/"},{"@type":"ListItem","position":2,"name":"AgroHub"}]},{"@type":"WebSite","@id":"https:\/\/www.camarazamora.com\/en\/#website","url":"https:\/\/www.camarazamora.com\/en\/","name":"Chamber of Commerce, Industry and Services of Zamora","description":"","publisher":{"@id":"https:\/\/www.camarazamora.com\/en\/#organization"},"potentialAction":[{"@type":"SearchAction","target":{"@type":"EntryPoint","urlTemplate":"https:\/\/www.camarazamora.com\/en\/?s={search_term_string}"},"query-input":"required name=search_term_string"}],"inLanguage":"es"},{"@type":"Organization","@id":"https:\/\/www.camarazamora.com\/en\/#organization","name":"C\u00e1mara de Comercio de Zamora","url":"https:\/\/www.camarazamora.com\/en\/","logo":{"@type":"ImageObject","inLanguage":"es","@id":"https:\/\/www.camarazamora.com\/en\/#\/schema\/logo\/image\/","url":"https:\/\/www.camarazamora.com\/en\/wp-content\/uploads\/IMG_728944_G.jpg","contentUrl":"https:\/\/www.camarazamora.com\/en\/wp-content\/uploads\/IMG_728944_G.jpg","width":350,"height":250,"caption":"C\u00e1mara de Comercio de Zamora"},"image":{"@id":"https:\/\/www.camarazamora.com\/en\/#\/schema\/logo\/image\/"},"sameAs":["https:\/\/www.facebook.com\/camarazamora\/","https:\/\/twitter.com\/camaradezamora","https:\/\/www.instagram.com\/camarazamora\/","https:\/\/www.linkedin.com\/company\/camara-de-comercio-e-industria-de-zamora","https:\/\/www.pinterest.es\/camarazamora\/","https:\/\/www.youtube.com\/camarazamora","https:\/\/es.wikipedia.org\/wiki\/C\u00e1mara_Oficial_de_Comercio_e_Industria_de_Zamora"]}]}},"_links":{"self":[{"href":"https:\/\/www.camarazamora.com\/en\/wp-json\/wp\/v2\/pages\/9915","targetHints":{"allow":["GET"]}}],"collection":[{"href":"https:\/\/www.camarazamora.com\/en\/wp-json\/wp\/v2\/pages"}],"about":[{"href":"https:\/\/www.camarazamora.com\/en\/wp-json\/wp\/v2\/types\/page"}],"author":[{"embeddable":true,"href":"https:\/\/www.camarazamora.com\/en\/wp-json\/wp\/v2\/users\/5"}],"replies":[{"embeddable":true,"href":"https:\/\/www.camarazamora.com\/en\/wp-json\/wp\/v2\/comments?post=9915"}],"version-history":[{"count":18,"href":"https:\/\/www.camarazamora.com\/en\/wp-json\/wp\/v2\/pages\/9915\/revisions"}],"predecessor-version":[{"id":10034,"href":"https:\/\/www.camarazamora.com\/en\/wp-json\/wp\/v2\/pages\/9915\/revisions\/10034"}],"wp:attachment":[{"href":"https:\/\/www.camarazamora.com\/en\/wp-json\/wp\/v2\/media?parent=9915"}],"curies":[{"name":"wp","href":"https:\/\/api.w.org\/{rel}","templated":true}]}}