{"id":9984,"date":"2024-01-11T09:23:47","date_gmt":"2024-01-11T09:23:47","guid":{"rendered":"https:\/\/www.camarazamora.com\/en\/?page_id=9984"},"modified":"2024-03-26T11:01:42","modified_gmt":"2024-03-26T11:01:42","slug":"icco","status":"publish","type":"page","link":"https:\/\/www.camarazamora.com\/en\/icco","title":{"rendered":"ICCO"},"content":{"rendered":"<p>[et_pb_section admin_label=\u00bbsection\u00bb]<br \/>[et_pb_row admin_label=\u00bbrow\u00bb]<br \/>[et_pb_column type=\u00bb4_4&#8243;][et_pb_text admin_label=\u00bbText\u00bb]<\/p>\n<p>\u00a0<\/p>\n\n\n<figure class=\"wp-block-image size-large is-resized\"><img loading=\"lazy\" decoding=\"async\" width=\"1024\" height=\"264\" src=\"https:\/\/www.camarazamora.com\/en\/wp-content\/uploads\/Carteles-ICCO-1024x264.png\" alt=\"\" class=\"wp-image-10020\" style=\"width:603px;height:auto\" srcset=\"https:\/\/www.camarazamora.com\/en\/wp-content\/uploads\/Carteles-ICCO-1024x264.png 1024w, https:\/\/www.camarazamora.com\/en\/wp-content\/uploads\/Carteles-ICCO-300x77.png 300w, https:\/\/www.camarazamora.com\/en\/wp-content\/uploads\/Carteles-ICCO-768x198.png 768w, https:\/\/www.camarazamora.com\/en\/wp-content\/uploads\/Carteles-ICCO-1536x396.png 1536w, https:\/\/www.camarazamora.com\/en\/wp-content\/uploads\/Carteles-ICCO-2048x528.png 2048w, https:\/\/www.camarazamora.com\/en\/wp-content\/uploads\/Carteles-ICCO-1080x278.png 1080w\" sizes=\"auto, (max-width: 1024px) 100vw, 1024px\" \/><\/figure>\n\n\n\n<p><strong>ICCO <\/strong>(<em>Cross-Border Network of Innovation and Competitiveness for Proximity Commerce<\/em>) is a cross-border cooperation project between the Northern Portugal and Castile and Leon (ES). The objective of this project is to <strong>increase the competitiveness of the proximity commerce through the use of innovative and emerging technologies<\/strong> that allow for the recording, analysis and study of consumer behaviour. The targeted group for this project is <strong>proximity commerce in small towns at risk of depopulation<\/strong>. This European project falls within the&nbsp;<strong>3rd call of the&nbsp;<a href=\"https:\/\/www.poctep.eu\/en\/\" target=\"_blank\" rel=\"noreferrer noopener nofollow\">POCTEP 2021-2027 programme<\/a><\/strong>.<\/p>\n\n\n\n<p>Retail businesses represent a key sector in the economies of both Spain and Portugal, as well as in social and territorial cohesion. However, these businesses face a consumer society where large shopping centres possess a broader competitive advantage due to their greater availability of resources. Therefore, retail businesses must modernize and adapt to consumers demands in order to compete with these large shopping centres. &nbsp;<\/p>\n\n\n\n<p>For this purpose, the project comprises several actions with the following objectives:<\/p>\n\n\n\n<ul class=\"wp-block-list\">\n<li><strong>Analyse the consumers\u2019 behaviour<\/strong> with the aim of drawing conclusions about the actual demands and consumption trends. In this context, <strong>innovative and emerging technologies will be used<\/strong>.<\/li>\n\n\n\n<li><strong>Identify and implement innovative solutions<\/strong> which are adapted to the consumption trends and demands. The impact of the solutions will be evaluated.<\/li>\n\n\n\n<li><strong>Creation of a Cross-Border Network of Innovation and Competitiveness for Proximity Commerce<\/strong> <strong>(<em>ICCO Network<\/em>)<\/strong>, serving as a meeting point for retail businesses in both regions for the support and exchange of good practices that improve their competitiveness.<\/li>\n\n\n\n<li><strong>Promote and share the project\u00b4s results<\/strong> with a wide variety of audiences.<\/li>\n<\/ul>\n\n\n\n<p>The following <strong>12 towns<\/strong> <strong>with less than 20.000 inhabitants<\/strong> have been selected for the development of the project:<\/p>\n\n\n\n<ul class=\"wp-block-list\">\n<li><strong>Province of Valladolid<\/strong>: Medina del Campo, Tordesillas y Tudela de Duero<\/li>\n\n\n\n<li><strong>Province of Zamora<\/strong>: Benavente, Toro y Puebla de Sanabria.<\/li>\n\n\n\n<li><strong>Region of Bragan\u00e7a<\/strong>: Carrazeda de Ansi\u00e3es, Macedo de Cavaleiros, Mogadouro.<\/li>\n\n\n\n<li><strong>Region of Vila Real<\/strong>: Alij\u00f3, Santa Marta de Penagui\u00e3o, Sabrosa.<\/li>\n<\/ul>\n\n\n\n<p><strong>Project code |<\/strong> 0173_ICCO_2_E_V3<\/p>\n\n\n\n<p><strong>Programme |<\/strong> POCTEP \u2013 Cross-Border Cooperation Spain-Portugal<\/p>\n\n\n\n<p><strong>Priority |<\/strong> (P1) Harness the potential of cooperation to consolidate the innovation, scientific, and technological ecosystem. Foster the creation of knowledge and business networks, promote digitalization, and improve business competitiveness, especially for SMEs and micro-SMEs.<\/p>\n\n\n\n<p><strong>Specific objective |<\/strong> Strengthen sustainable and smart growth, enhance competitiveness, and promote job creation, including through productive investments.<\/p>\n\n\n\n<p><strong>Political objective |<\/strong> A more competitive and smarter Europe by promoting innovative and smart economic transformation and regional ICT connectivity.<\/p>\n\n\n\n<p><strong>Region |<\/strong> Northern Portugal \u2013 Castile and Leon<\/p>\n\n\n\n<p><strong>Starting date |<\/strong> 01\/01\/2024<\/p>\n\n\n\n<p><strong>Completion date |<\/strong> 31\/12\/2026<\/p>\n\n\n\n<p><strong>Budget |<\/strong> 1.838.452,07 euros<\/p>\n\n\n\n<p><strong>Budget funded by ERDF |<\/strong> 1.378.839,05 euros<\/p>\n\n\n\n<p><strong>Partnership (beneficiary) |<\/strong><\/p>\n\n\n\n<ul class=\"wp-block-list\">\n<li><a href=\"https:\/\/www.uva.es\/export\/sites\/uva\/\" target=\"_blank\" rel=\"noreferrer noopener nofollow\">Universidad de Valladolid<\/a>&nbsp;(ES) \u2013&nbsp;<em>Primary beneficiary<\/em><\/li>\n\n\n\n<li><a href=\"https:\/\/www.camaravalladolid.com\/\" target=\"_blank\" rel=\"noreferrer noopener nofollow\">C\u00e1mara Oficial de Comercio, Industria y Servicios de Valladolid&nbsp;<\/a>(ES)<\/li>\n\n\n\n<li><a href=\"https:\/\/www.camarazamora.com\/\" target=\"_blank\" rel=\"noreferrer noopener nofollow\">C\u00e1mara Oficial de Comercio, Industria y Servicios de Zamora<\/a>&nbsp;(ES)<\/li>\n\n\n\n<li><a href=\"https:\/\/nerba.pt\/site\/\" target=\"_blank\" rel=\"noreferrer noopener nofollow\">NERBA: Associa\u00e7\u00e3o Empresarial do Distrito de Bragan\u00e7a<\/a>&nbsp;(PT)<\/li>\n\n\n\n<li><a href=\"https:\/\/nervir.pt\/\" target=\"_blank\" rel=\"noreferrer noopener\">N<\/a><a href=\"https:\/\/nervir.pt\/\" target=\"_blank\" rel=\"noreferrer noopener nofollow\">ERVIR: Associa\u00e7\u00e3o Empresarial<\/a>&nbsp;(PT)<\/li>\n\n\n\n<li><a href=\"https:\/\/deco.pt\/\" target=\"_blank\" rel=\"noreferrer noopener nofollow\">DECO: Associa\u00e7\u00e3o Portuguesa para a Defesa do Consumidor<\/a>&nbsp;(PT)<\/li>\n<\/ul>\n\n\n\n<p><em>Any person who has knowledge of facts that could be constitutive of fraud or irregularity in relation to projects or operations financed totally or partially with funds from the European Union within the framework of this call may bring said facts to the knowledge of the National Coordination Service. Anti-fraud of the General Intervention of the State Administration, by digital means through the channel enabled for this purpose by said Service at the web address indicated below and, in the terms, established in Communication 1\/2017, of April 6, of the aforementioned Service:<\/em> <em><a href=\"http:\/\/www.igae.pap.hacienda.gob.es\/sitios\/igae\/es-ES\/snca\/Paginas\/ComunicacionSNCA.aspx\" target=\"_blank\" rel=\"noreferrer noopener nofollow\">http:\/\/www.igae.pap.hacienda.gob.es\/sitios\/igae\/es-ES\/snca\/Paginas\/ComunicacionSNCA.aspx<\/a><\/em><\/p>\n\n\n<p>[\/et_pb_text][\/et_pb_column]<br \/>\n\t\t[\/et_pb_row]<br \/>\n\t[\/et_pb_section]<\/p>","protected":false},"excerpt":{"rendered":"<p>[et_pb_section admin_label=\u00bbsection\u00bb][et_pb_row admin_label=\u00bbrow\u00bb][et_pb_column type=\u00bb4_4&#8243;][et_pb_text admin_label=\u00bbText\u00bb] \u00a0 ICCO (Cross-Border Network of Innovation and Competitiveness for Proximity Commerce) is a cross-border cooperation project between the Northern Portugal and Castile and Leon (ES). The objective of this project is to increase the competitiveness of the proximity commerce through the use of innovative and emerging technologies that allow for [&hellip;]<\/p>\n","protected":false},"author":5,"featured_media":0,"parent":0,"menu_order":0,"comment_status":"closed","ping_status":"closed","template":"","meta":{"_et_pb_use_builder":"on","_et_pb_old_content":"<!-- wp:paragraph -->\n<p><strong>ICCO <\/strong>(<em>Cross-Border Network of Innovation and Competitiveness for Proximity Commerce<\/em>) is a cross-border cooperation project between the Northern Portugal and Castile and Leon (ES). The objective of this project is to <strong>increase the competitiveness of the proximity commerce through the use of innovative and emerging technologies<\/strong> that allow for the recording, analysis and study of consumer behaviour. The targeted group for this project is <strong>proximity commerce in small towns at risk of depopulation<\/strong>. This European project falls within the\u00a0<strong>3rd call of the\u00a0<a href=\"https:\/\/www.poctep.eu\/en\/\" target=\"_blank\" rel=\"noreferrer noopener nofollow\">POCTEP 2021-2027 programme<\/a><\/strong>.<\/p>\n<!-- \/wp:paragraph -->\n\n<!-- wp:paragraph -->\n<p>Retail businesses represent a key sector in the economies of both Spain and Portugal, as well as in social and territorial cohesion. However, these businesses face a consumer society where large shopping centres possess a broader competitive advantage due to their greater availability of resources. Therefore, retail businesses must modernize and adapt to consumers demands in order to compete with these large shopping centres. \u00a0<\/p>\n<!-- \/wp:paragraph -->\n\n<!-- wp:paragraph -->\n<p>For this purpose, the project comprises several actions with the following objectives:<\/p>\n<!-- \/wp:paragraph -->\n\n<!-- wp:list -->\n<ul><!-- wp:list-item -->\n<li><strong>Analyse the consumers\u2019 behaviour<\/strong> with the aim of drawing conclusions about the actual demands and consumption trends. In this context, <strong>innovative and emerging technologies will be used<\/strong>.<\/li>\n<!-- \/wp:list-item -->\n\n<!-- wp:list-item -->\n<li><strong>Identify and implement innovative solutions<\/strong> which are adapted to the consumption trends and demands. The impact of the solutions will be evaluated.<\/li>\n<!-- \/wp:list-item -->\n\n<!-- wp:list-item -->\n<li><strong>Creation of a Cross-Border Network of Innovation and Competitiveness for Proximity Commerce<\/strong> <strong>(<em>ICCO Network<\/em>)<\/strong>, serving as a meeting point for retail businesses in both regions for the support and exchange of good practices that improve their competitiveness.<\/li>\n<!-- \/wp:list-item -->\n\n<!-- wp:list-item -->\n<li><strong>Promote and share the project\u00b4s results<\/strong> with a wide variety of audiences.<\/li>\n<!-- \/wp:list-item --><\/ul>\n<!-- \/wp:list -->\n\n<!-- wp:paragraph -->\n<p>The following <strong>12 towns<\/strong> <strong>with less than 20.000 inhabitants<\/strong> have been selected for the development of the project:<\/p>\n<!-- \/wp:paragraph -->\n\n<!-- wp:list -->\n<ul><!-- wp:list-item -->\n<li><strong>Province of Valladolid<\/strong>: Medina del Campo, Tordesillas y Tudela de Duero<\/li>\n<!-- \/wp:list-item -->\n\n<!-- wp:list-item -->\n<li><strong>Province of Zamora<\/strong>: Benavente, Toro y Puebla de Sanabria.<\/li>\n<!-- \/wp:list-item -->\n\n<!-- wp:list-item -->\n<li><strong>Region of Bragan\u00e7a<\/strong>: Carrazeda de Ansi\u00e3es, Macedo de Cavaleiros, Mogadouro.<\/li>\n<!-- \/wp:list-item -->\n\n<!-- wp:list-item -->\n<li><strong>Region of Vila Real<\/strong>: Alij\u00f3, Santa Marta de Penagui\u00e3o, Sabrosa.<\/li>\n<!-- \/wp:list-item --><\/ul>\n<!-- \/wp:list -->\n\n<!-- wp:paragraph -->\n<p><strong>Project code |<\/strong> 0173_ICCO_2_E_V3<\/p>\n<!-- \/wp:paragraph -->\n\n<!-- wp:paragraph -->\n<p><strong>Programme |<\/strong> POCTEP \u2013 Cross-Border Cooperation Spain-Portugal<\/p>\n<!-- \/wp:paragraph -->\n\n<!-- wp:paragraph -->\n<p><strong>Priority |<\/strong> (P1) Harness the potential of cooperation to consolidate the innovation, scientific, and technological ecosystem. Foster the creation of knowledge and business networks, promote digitalization, and improve business competitiveness, especially for SMEs and micro-SMEs.<\/p>\n<!-- \/wp:paragraph -->\n\n<!-- wp:paragraph -->\n<p><strong>Specific objective |<\/strong> Strengthen sustainable and smart growth, enhance competitiveness, and promote job creation, including through productive investments.<\/p>\n<!-- \/wp:paragraph -->\n\n<!-- wp:paragraph -->\n<p><strong>Political objective |<\/strong> A more competitive and smarter Europe by promoting innovative and smart economic transformation and regional ICT connectivity.<\/p>\n<!-- \/wp:paragraph -->\n\n<!-- wp:paragraph -->\n<p><strong>Region |<\/strong> Northern Portugal \u2013 Castile and Leon<\/p>\n<!-- \/wp:paragraph -->\n\n<!-- wp:paragraph -->\n<p><strong>Starting date |<\/strong> 01\/01\/2024<\/p>\n<!-- \/wp:paragraph -->\n\n<!-- wp:paragraph -->\n<p><strong>Completion date |<\/strong> 31\/12\/2026<\/p>\n<!-- \/wp:paragraph -->\n\n<!-- wp:paragraph -->\n<p><strong>Budget |<\/strong> 1.838.452,07 euros<\/p>\n<!-- \/wp:paragraph -->\n\n<!-- wp:paragraph -->\n<p><strong>Budget funded by ERDF |<\/strong> 1.378.839,05 euros<\/p>\n<!-- \/wp:paragraph -->\n\n<!-- wp:paragraph -->\n<p><strong>Partnership (beneficiary) |<\/strong><\/p>\n<!-- \/wp:paragraph -->\n\n<!-- wp:list -->\n<ul><!-- wp:list-item -->\n<li><a href=\"https:\/\/www.uva.es\/export\/sites\/uva\/\" target=\"_blank\" rel=\"noreferrer noopener nofollow\">Universidad de Valladolid<\/a>\u00a0(ES) \u2013\u00a0<em>Primary beneficiary<\/em><\/li>\n<!-- \/wp:list-item -->\n\n<!-- wp:list-item -->\n<li><a href=\"https:\/\/www.camaravalladolid.com\/\" target=\"_blank\" rel=\"noreferrer noopener nofollow\">C\u00e1mara Oficial de Comercio, Industria y Servicios de Valladolid\u00a0<\/a>(ES)<\/li>\n<!-- \/wp:list-item -->\n\n<!-- wp:list-item -->\n<li><a href=\"https:\/\/www.camarazamora.com\/\" target=\"_blank\" rel=\"noreferrer noopener nofollow\">C\u00e1mara Oficial de Comercio, Industria y Servicios de Zamora<\/a>\u00a0(ES)<\/li>\n<!-- \/wp:list-item -->\n\n<!-- wp:list-item -->\n<li><a href=\"https:\/\/nerba.pt\/site\/\" target=\"_blank\" rel=\"noreferrer noopener nofollow\">NERBA: Associa\u00e7\u00e3o Empresarial do Distrito de Bragan\u00e7a<\/a>\u00a0(PT)<\/li>\n<!-- \/wp:list-item -->\n\n<!-- wp:list-item -->\n<li><a href=\"https:\/\/nervir.pt\/\" target=\"_blank\" rel=\"noreferrer noopener\">N<\/a><a href=\"https:\/\/nervir.pt\/\" target=\"_blank\" rel=\"noreferrer noopener nofollow\">ERVIR: Associa\u00e7\u00e3o Empresarial<\/a>\u00a0(PT)<\/li>\n<!-- \/wp:list-item -->\n\n<!-- wp:list-item -->\n<li><a href=\"https:\/\/deco.pt\/\" target=\"_blank\" rel=\"noreferrer noopener nofollow\">DECO: Associa\u00e7\u00e3o Portuguesa para a Defesa do Consumidor<\/a>\u00a0(PT)<\/li>\n<!-- \/wp:list-item --><\/ul>\n<!-- \/wp:list -->\n\n<!-- wp:paragraph -->\n<p><em>Any person who has knowledge of facts that could be constitutive of fraud or irregularity in relation to projects or operations financed totally or partially with funds from the European Union within the framework of this call may bring said facts to the knowledge of the National Coordination Service. Anti-fraud of the General Intervention of the State Administration, by digital means through the channel enabled for this purpose by said Service at the web address indicated below and, in the terms, established in Communication 1\/2017, of April 6, of the aforementioned Service:<\/em> <em><a href=\"http:\/\/www.igae.pap.hacienda.gob.es\/sitios\/igae\/es-ES\/snca\/Paginas\/ComunicacionSNCA.aspx\" target=\"_blank\" rel=\"noreferrer noopener nofollow\">http:\/\/www.igae.pap.hacienda.gob.es\/sitios\/igae\/es-ES\/snca\/Paginas\/ComunicacionSNCA.aspx<\/a><\/em><\/p>\n<!-- \/wp:paragraph -->","_monsterinsights_skip_tracking":false,"_monsterinsights_sitenote_active":false,"_monsterinsights_sitenote_note":"","_monsterinsights_sitenote_category":0,"footnotes":""},"class_list":["post-9984","page","type-page","status-publish","hentry"],"yoast_head":"<!-- This site is optimized with the Yoast SEO plugin v21.7 - https:\/\/yoast.com\/wordpress\/plugins\/seo\/ -->\n<title>ICCO - C\u00e1mara Oficial de Comercio, Industria y Servicios de Zamora<\/title>\n<meta name=\"robots\" content=\"index, follow, max-snippet:-1, max-image-preview:large, max-video-preview:-1\" \/>\n<link rel=\"canonical\" href=\"https:\/\/www.camarazamora.com\/en\/icco\" \/>\n<meta property=\"og:locale\" content=\"es_ES\" \/>\n<meta property=\"og:type\" content=\"article\" \/>\n<meta property=\"og:title\" content=\"ICCO - C\u00e1mara Oficial de Comercio, Industria y Servicios de Zamora\" \/>\n<meta property=\"og:description\" content=\"[et_pb_section admin_label=\u00bbsection\u00bb][et_pb_row admin_label=\u00bbrow\u00bb][et_pb_column type=\u00bb4_4&#8243;][et_pb_text admin_label=\u00bbText\u00bb] \u00a0 ICCO (Cross-Border Network of Innovation and Competitiveness for Proximity Commerce) is a cross-border cooperation project between the Northern Portugal and Castile and Leon (ES). The objective of this project is to increase the competitiveness of the proximity commerce through the use of innovative and emerging technologies that allow for [&hellip;]\" \/>\n<meta property=\"og:url\" content=\"https:\/\/www.camarazamora.com\/en\/icco\" \/>\n<meta property=\"og:site_name\" content=\"C\u00e1mara Oficial de Comercio, Industria y Servicios de Zamora\" \/>\n<meta property=\"article:publisher\" content=\"https:\/\/www.facebook.com\/camarazamora\/\" \/>\n<meta property=\"article:modified_time\" content=\"2024-03-26T11:01:42+00:00\" \/>\n<meta property=\"og:image\" content=\"https:\/\/www.camarazamora.com\/en\/wp-content\/uploads\/Carteles-ICCO-1024x264.png\" \/>\n<meta name=\"twitter:card\" content=\"summary_large_image\" \/>\n<meta name=\"twitter:site\" content=\"@camaradezamora\" \/>\n<meta name=\"twitter:label1\" content=\"Tiempo de lectura\" \/>\n\t<meta name=\"twitter:data1\" content=\"3 minutos\" \/>\n<script type=\"application\/ld+json\" class=\"yoast-schema-graph\">{\"@context\":\"https:\/\/schema.org\",\"@graph\":[{\"@type\":\"WebPage\",\"@id\":\"https:\/\/www.camarazamora.com\/en\/icco\",\"url\":\"https:\/\/www.camarazamora.com\/en\/icco\",\"name\":\"ICCO - C\u00e1mara Oficial de Comercio, Industria y Servicios de Zamora\",\"isPartOf\":{\"@id\":\"https:\/\/www.camarazamora.com\/en\/#website\"},\"datePublished\":\"2024-01-11T09:23:47+00:00\",\"dateModified\":\"2024-03-26T11:01:42+00:00\",\"breadcrumb\":{\"@id\":\"https:\/\/www.camarazamora.com\/en\/icco#breadcrumb\"},\"inLanguage\":\"es\",\"potentialAction\":[{\"@type\":\"ReadAction\",\"target\":[\"https:\/\/www.camarazamora.com\/en\/icco\"]}]},{\"@type\":\"BreadcrumbList\",\"@id\":\"https:\/\/www.camarazamora.com\/en\/icco#breadcrumb\",\"itemListElement\":[{\"@type\":\"ListItem\",\"position\":1,\"name\":\"Portada\",\"item\":\"https:\/\/www.camarazamora.com\/en\/\"},{\"@type\":\"ListItem\",\"position\":2,\"name\":\"ICCO\"}]},{\"@type\":\"WebSite\",\"@id\":\"https:\/\/www.camarazamora.com\/en\/#website\",\"url\":\"https:\/\/www.camarazamora.com\/en\/\",\"name\":\"Chamber of Commerce, Industry and Services of Zamora\",\"description\":\"\",\"publisher\":{\"@id\":\"https:\/\/www.camarazamora.com\/en\/#organization\"},\"potentialAction\":[{\"@type\":\"SearchAction\",\"target\":{\"@type\":\"EntryPoint\",\"urlTemplate\":\"https:\/\/www.camarazamora.com\/en\/?s={search_term_string}\"},\"query-input\":\"required name=search_term_string\"}],\"inLanguage\":\"es\"},{\"@type\":\"Organization\",\"@id\":\"https:\/\/www.camarazamora.com\/en\/#organization\",\"name\":\"C\u00e1mara de Comercio de Zamora\",\"url\":\"https:\/\/www.camarazamora.com\/en\/\",\"logo\":{\"@type\":\"ImageObject\",\"inLanguage\":\"es\",\"@id\":\"https:\/\/www.camarazamora.com\/en\/#\/schema\/logo\/image\/\",\"url\":\"https:\/\/www.camarazamora.com\/en\/wp-content\/uploads\/IMG_728944_G.jpg\",\"contentUrl\":\"https:\/\/www.camarazamora.com\/en\/wp-content\/uploads\/IMG_728944_G.jpg\",\"width\":350,\"height\":250,\"caption\":\"C\u00e1mara de Comercio de Zamora\"},\"image\":{\"@id\":\"https:\/\/www.camarazamora.com\/en\/#\/schema\/logo\/image\/\"},\"sameAs\":[\"https:\/\/www.facebook.com\/camarazamora\/\",\"https:\/\/twitter.com\/camaradezamora\",\"https:\/\/www.instagram.com\/camarazamora\/\",\"https:\/\/www.linkedin.com\/company\/camara-de-comercio-e-industria-de-zamora\",\"https:\/\/www.pinterest.es\/camarazamora\/\",\"https:\/\/www.youtube.com\/camarazamora\",\"https:\/\/es.wikipedia.org\/wiki\/C\u00e1mara_Oficial_de_Comercio_e_Industria_de_Zamora\"]}]}<\/script>\n<!-- \/ Yoast SEO plugin. -->","yoast_head_json":{"title":"ICCO - C\u00e1mara Oficial de Comercio, Industria y Servicios de Zamora","robots":{"index":"index","follow":"follow","max-snippet":"max-snippet:-1","max-image-preview":"max-image-preview:large","max-video-preview":"max-video-preview:-1"},"canonical":"https:\/\/www.camarazamora.com\/en\/icco","og_locale":"es_ES","og_type":"article","og_title":"ICCO - C\u00e1mara Oficial de Comercio, Industria y Servicios de Zamora","og_description":"[et_pb_section admin_label=\u00bbsection\u00bb][et_pb_row admin_label=\u00bbrow\u00bb][et_pb_column type=\u00bb4_4&#8243;][et_pb_text admin_label=\u00bbText\u00bb] \u00a0 ICCO (Cross-Border Network of Innovation and Competitiveness for Proximity Commerce) is a cross-border cooperation project between the Northern Portugal and Castile and Leon (ES). The objective of this project is to increase the competitiveness of the proximity commerce through the use of innovative and emerging technologies that allow for [&hellip;]","og_url":"https:\/\/www.camarazamora.com\/en\/icco","og_site_name":"C\u00e1mara Oficial de Comercio, Industria y Servicios de Zamora","article_publisher":"https:\/\/www.facebook.com\/camarazamora\/","article_modified_time":"2024-03-26T11:01:42+00:00","og_image":[{"url":"https:\/\/www.camarazamora.com\/en\/wp-content\/uploads\/Carteles-ICCO-1024x264.png"}],"twitter_card":"summary_large_image","twitter_site":"@camaradezamora","twitter_misc":{"Tiempo de lectura":"3 minutos"},"schema":{"@context":"https:\/\/schema.org","@graph":[{"@type":"WebPage","@id":"https:\/\/www.camarazamora.com\/en\/icco","url":"https:\/\/www.camarazamora.com\/en\/icco","name":"ICCO - C\u00e1mara Oficial de Comercio, Industria y Servicios de Zamora","isPartOf":{"@id":"https:\/\/www.camarazamora.com\/en\/#website"},"datePublished":"2024-01-11T09:23:47+00:00","dateModified":"2024-03-26T11:01:42+00:00","breadcrumb":{"@id":"https:\/\/www.camarazamora.com\/en\/icco#breadcrumb"},"inLanguage":"es","potentialAction":[{"@type":"ReadAction","target":["https:\/\/www.camarazamora.com\/en\/icco"]}]},{"@type":"BreadcrumbList","@id":"https:\/\/www.camarazamora.com\/en\/icco#breadcrumb","itemListElement":[{"@type":"ListItem","position":1,"name":"Portada","item":"https:\/\/www.camarazamora.com\/en\/"},{"@type":"ListItem","position":2,"name":"ICCO"}]},{"@type":"WebSite","@id":"https:\/\/www.camarazamora.com\/en\/#website","url":"https:\/\/www.camarazamora.com\/en\/","name":"Chamber of Commerce, Industry and Services of Zamora","description":"","publisher":{"@id":"https:\/\/www.camarazamora.com\/en\/#organization"},"potentialAction":[{"@type":"SearchAction","target":{"@type":"EntryPoint","urlTemplate":"https:\/\/www.camarazamora.com\/en\/?s={search_term_string}"},"query-input":"required name=search_term_string"}],"inLanguage":"es"},{"@type":"Organization","@id":"https:\/\/www.camarazamora.com\/en\/#organization","name":"C\u00e1mara de Comercio de Zamora","url":"https:\/\/www.camarazamora.com\/en\/","logo":{"@type":"ImageObject","inLanguage":"es","@id":"https:\/\/www.camarazamora.com\/en\/#\/schema\/logo\/image\/","url":"https:\/\/www.camarazamora.com\/en\/wp-content\/uploads\/IMG_728944_G.jpg","contentUrl":"https:\/\/www.camarazamora.com\/en\/wp-content\/uploads\/IMG_728944_G.jpg","width":350,"height":250,"caption":"C\u00e1mara de Comercio de Zamora"},"image":{"@id":"https:\/\/www.camarazamora.com\/en\/#\/schema\/logo\/image\/"},"sameAs":["https:\/\/www.facebook.com\/camarazamora\/","https:\/\/twitter.com\/camaradezamora","https:\/\/www.instagram.com\/camarazamora\/","https:\/\/www.linkedin.com\/company\/camara-de-comercio-e-industria-de-zamora","https:\/\/www.pinterest.es\/camarazamora\/","https:\/\/www.youtube.com\/camarazamora","https:\/\/es.wikipedia.org\/wiki\/C\u00e1mara_Oficial_de_Comercio_e_Industria_de_Zamora"]}]}},"_links":{"self":[{"href":"https:\/\/www.camarazamora.com\/en\/wp-json\/wp\/v2\/pages\/9984","targetHints":{"allow":["GET"]}}],"collection":[{"href":"https:\/\/www.camarazamora.com\/en\/wp-json\/wp\/v2\/pages"}],"about":[{"href":"https:\/\/www.camarazamora.com\/en\/wp-json\/wp\/v2\/types\/page"}],"author":[{"embeddable":true,"href":"https:\/\/www.camarazamora.com\/en\/wp-json\/wp\/v2\/users\/5"}],"replies":[{"embeddable":true,"href":"https:\/\/www.camarazamora.com\/en\/wp-json\/wp\/v2\/comments?post=9984"}],"version-history":[{"count":7,"href":"https:\/\/www.camarazamora.com\/en\/wp-json\/wp\/v2\/pages\/9984\/revisions"}],"predecessor-version":[{"id":10021,"href":"https:\/\/www.camarazamora.com\/en\/wp-json\/wp\/v2\/pages\/9984\/revisions\/10021"}],"wp:attachment":[{"href":"https:\/\/www.camarazamora.com\/en\/wp-json\/wp\/v2\/media?parent=9984"}],"curies":[{"name":"wp","href":"https:\/\/api.w.org\/{rel}","templated":true}]}}